{"id":99,"date":"2023-11-02T10:19:53","date_gmt":"2023-11-02T09:19:53","guid":{"rendered":"http:\/\/www.caracterenaturel.com\/?page_id=99"},"modified":"2025-03-28T11:16:00","modified_gmt":"2025-03-28T10:16:00","slug":"applique-nid","status":"publish","type":"page","link":"http:\/\/www.caracterenaturel.com\/index.php\/luminaires\/applique-nid\/","title":{"rendered":"Applique Nid"},"content":{"rendered":"\n<p class=\"has-text-align-center\">En bois flott\u00e9 et bois de r\u00e9cup\u00e9ration. 62x25x27cm<br><a href=\"http:\/\/www.caracterenaturel.com\/index.php\/contactform7\/\" data-type=\"link\" data-id=\"http:\/\/www.caracterenaturel.com\/index.php\/contactform7\/\">Commandez la votre \u00e0 vos dimensions<\/a> <\/p>\n\n\n\n<figure class=\"wp-block-image size-large\"><img loading=\"lazy\" decoding=\"async\" width=\"1024\" height=\"724\" src=\"http:\/\/www.caracterenaturel.com\/wp-content\/uploads\/2023\/11\/DSCN4163-presse-1024x724.jpg\" alt=\"Applique Nid\" class=\"wp-image-100\" srcset=\"http:\/\/www.caracterenaturel.com\/wp-content\/uploads\/2023\/11\/DSCN4163-presse-1024x724.jpg 1024w, http:\/\/www.caracterenaturel.com\/wp-content\/uploads\/2023\/11\/DSCN4163-presse-300x212.jpg 300w, http:\/\/www.caracterenaturel.com\/wp-content\/uploads\/2023\/11\/DSCN4163-presse-768x543.jpg 768w, http:\/\/www.caracterenaturel.com\/wp-content\/uploads\/2023\/11\/DSCN4163-presse-1536x1087.jpg 1536w, http:\/\/www.caracterenaturel.com\/wp-content\/uploads\/2023\/11\/DSCN4163-presse-1200x849.jpg 1200w, http:\/\/www.caracterenaturel.com\/wp-content\/uploads\/2023\/11\/DSCN4163-presse.jpg 1907w\" sizes=\"auto, (max-width: 1024px) 100vw, 1024px\" \/><\/figure>\n\n\n\n<figure class=\"wp-block-image size-large\"><img loading=\"lazy\" decoding=\"async\" width=\"1024\" height=\"745\" src=\"http:\/\/www.caracterenaturel.com\/wp-content\/uploads\/2023\/11\/DSCN4171-presse-1024x745.jpg\" alt=\"Applique Nid\" class=\"wp-image-101\" srcset=\"http:\/\/www.caracterenaturel.com\/wp-content\/uploads\/2023\/11\/DSCN4171-presse-1024x745.jpg 1024w, http:\/\/www.caracterenaturel.com\/wp-content\/uploads\/2023\/11\/DSCN4171-presse-300x218.jpg 300w, http:\/\/www.caracterenaturel.com\/wp-content\/uploads\/2023\/11\/DSCN4171-presse-768x559.jpg 768w, http:\/\/www.caracterenaturel.com\/wp-content\/uploads\/2023\/11\/DSCN4171-presse-1536x1118.jpg 1536w, http:\/\/www.caracterenaturel.com\/wp-content\/uploads\/2023\/11\/DSCN4171-presse-2048x1490.jpg 2048w, http:\/\/www.caracterenaturel.com\/wp-content\/uploads\/2023\/11\/DSCN4171-presse-1200x873.jpg 1200w, http:\/\/www.caracterenaturel.com\/wp-content\/uploads\/2023\/11\/DSCN4171-presse-1980x1441.jpg 1980w\" sizes=\"auto, (max-width: 1024px) 100vw, 1024px\" \/><\/figure>\n\n\n\n<figure class=\"wp-block-image size-large\"><img loading=\"lazy\" decoding=\"async\" width=\"1024\" height=\"755\" src=\"http:\/\/www.caracterenaturel.com\/wp-content\/uploads\/2023\/11\/DSCN4172-presse-1024x755.jpg\" alt=\"Applique Nid\" class=\"wp-image-102\" srcset=\"http:\/\/www.caracterenaturel.com\/wp-content\/uploads\/2023\/11\/DSCN4172-presse-1024x755.jpg 1024w, http:\/\/www.caracterenaturel.com\/wp-content\/uploads\/2023\/11\/DSCN4172-presse-300x221.jpg 300w, http:\/\/www.caracterenaturel.com\/wp-content\/uploads\/2023\/11\/DSCN4172-presse-768x566.jpg 768w, http:\/\/www.caracterenaturel.com\/wp-content\/uploads\/2023\/11\/DSCN4172-presse-1536x1132.jpg 1536w, http:\/\/www.caracterenaturel.com\/wp-content\/uploads\/2023\/11\/DSCN4172-presse-2048x1509.jpg 2048w, http:\/\/www.caracterenaturel.com\/wp-content\/uploads\/2023\/11\/DSCN4172-presse-1200x884.jpg 1200w, http:\/\/www.caracterenaturel.com\/wp-content\/uploads\/2023\/11\/DSCN4172-presse-1980x1459.jpg 1980w\" sizes=\"auto, (max-width: 1024px) 100vw, 1024px\" \/><\/figure>\n","protected":false},"excerpt":{"rendered":"<p>En bois flott\u00e9 et bois de r\u00e9cup\u00e9ration. 62x25x27cmCommandez la votre \u00e0 vos dimensions<\/p>\n","protected":false},"author":1,"featured_media":0,"parent":70,"menu_order":0,"comment_status":"closed","ping_status":"closed","template":"","meta":{"footnotes":""},"class_list":["post-99","page","type-page","status-publish","hentry"],"_links":{"self":[{"href":"http:\/\/www.caracterenaturel.com\/index.php\/wp-json\/wp\/v2\/pages\/99","targetHints":{"allow":["GET"]}}],"collection":[{"href":"http:\/\/www.caracterenaturel.com\/index.php\/wp-json\/wp\/v2\/pages"}],"about":[{"href":"http:\/\/www.caracterenaturel.com\/index.php\/wp-json\/wp\/v2\/types\/page"}],"author":[{"embeddable":true,"href":"http:\/\/www.caracterenaturel.com\/index.php\/wp-json\/wp\/v2\/users\/1"}],"replies":[{"embeddable":true,"href":"http:\/\/www.caracterenaturel.com\/index.php\/wp-json\/wp\/v2\/comments?post=99"}],"version-history":[{"count":3,"href":"http:\/\/www.caracterenaturel.com\/index.php\/wp-json\/wp\/v2\/pages\/99\/revisions"}],"predecessor-version":[{"id":399,"href":"http:\/\/www.caracterenaturel.com\/index.php\/wp-json\/wp\/v2\/pages\/99\/revisions\/399"}],"up":[{"embeddable":true,"href":"http:\/\/www.caracterenaturel.com\/index.php\/wp-json\/wp\/v2\/pages\/70"}],"wp:attachment":[{"href":"http:\/\/www.caracterenaturel.com\/index.php\/wp-json\/wp\/v2\/media?parent=99"}],"curies":[{"name":"wp","href":"https:\/\/api.w.org\/{rel}","templated":true}]}}