{"id":534,"date":"2025-05-24T14:34:45","date_gmt":"2025-05-24T12:34:45","guid":{"rendered":"http:\/\/www.caracterenaturel.com\/?page_id=534"},"modified":"2025-05-24T14:34:45","modified_gmt":"2025-05-24T12:34:45","slug":"lampe-petit-bois-edition-2025","status":"publish","type":"page","link":"http:\/\/www.caracterenaturel.com\/index.php\/lampe-petit-bois-edition-2025\/","title":{"rendered":"Lampe \u00ab\u00a0petit bois\u00a0\u00bb \u00e9dition 2025"},"content":{"rendered":"\n<p class=\"has-text-align-center\">En bois flott\u00e9 et bois de r\u00e9cup\u00e9ration. Hauteur:42cm, abat-jour \u00f820cm<br><a href=\"http:\/\/www.caracterenaturel.com\/index.php\/contactform7\/\">Commandez la votre \u00e0 vos dimensions<\/a><\/p>\n\n\n\n<figure class=\"wp-block-image size-large\"><img loading=\"lazy\" decoding=\"async\" width=\"768\" height=\"1024\" src=\"http:\/\/www.caracterenaturel.com\/wp-content\/uploads\/2025\/05\/IMG_1887-1920-web-768x1024.jpg\" alt=\"Lampe &quot;petit bois&quot; \u00e9dition 2025\" class=\"wp-image-535\" srcset=\"http:\/\/www.caracterenaturel.com\/wp-content\/uploads\/2025\/05\/IMG_1887-1920-web-768x1024.jpg 768w, http:\/\/www.caracterenaturel.com\/wp-content\/uploads\/2025\/05\/IMG_1887-1920-web-225x300.jpg 225w, http:\/\/www.caracterenaturel.com\/wp-content\/uploads\/2025\/05\/IMG_1887-1920-web-1152x1536.jpg 1152w, http:\/\/www.caracterenaturel.com\/wp-content\/uploads\/2025\/05\/IMG_1887-1920-web-1200x1600.jpg 1200w, http:\/\/www.caracterenaturel.com\/wp-content\/uploads\/2025\/05\/IMG_1887-1920-web.jpg 1440w\" sizes=\"auto, (max-width: 768px) 100vw, 768px\" \/><\/figure>\n\n\n\n<figure class=\"wp-block-image size-large\"><img loading=\"lazy\" decoding=\"async\" width=\"768\" height=\"1024\" src=\"http:\/\/www.caracterenaturel.com\/wp-content\/uploads\/2025\/05\/IMG_1893-1920-web-768x1024.jpg\" alt=\"Lampe &quot;petit bois&quot; \u00e9dition 2025\" class=\"wp-image-536\" srcset=\"http:\/\/www.caracterenaturel.com\/wp-content\/uploads\/2025\/05\/IMG_1893-1920-web-768x1024.jpg 768w, http:\/\/www.caracterenaturel.com\/wp-content\/uploads\/2025\/05\/IMG_1893-1920-web-225x300.jpg 225w, http:\/\/www.caracterenaturel.com\/wp-content\/uploads\/2025\/05\/IMG_1893-1920-web-1152x1536.jpg 1152w, http:\/\/www.caracterenaturel.com\/wp-content\/uploads\/2025\/05\/IMG_1893-1920-web-1200x1600.jpg 1200w, http:\/\/www.caracterenaturel.com\/wp-content\/uploads\/2025\/05\/IMG_1893-1920-web.jpg 1440w\" sizes=\"auto, (max-width: 768px) 100vw, 768px\" \/><\/figure>\n","protected":false},"excerpt":{"rendered":"<p>En bois flott\u00e9 et bois de r\u00e9cup\u00e9ration. Hauteur:42cm, abat-jour \u00f820cmCommandez la votre \u00e0 vos dimensions<\/p>\n","protected":false},"author":1,"featured_media":0,"parent":0,"menu_order":0,"comment_status":"closed","ping_status":"closed","template":"","meta":{"footnotes":""},"class_list":["post-534","page","type-page","status-publish","hentry"],"_links":{"self":[{"href":"http:\/\/www.caracterenaturel.com\/index.php\/wp-json\/wp\/v2\/pages\/534","targetHints":{"allow":["GET"]}}],"collection":[{"href":"http:\/\/www.caracterenaturel.com\/index.php\/wp-json\/wp\/v2\/pages"}],"about":[{"href":"http:\/\/www.caracterenaturel.com\/index.php\/wp-json\/wp\/v2\/types\/page"}],"author":[{"embeddable":true,"href":"http:\/\/www.caracterenaturel.com\/index.php\/wp-json\/wp\/v2\/users\/1"}],"replies":[{"embeddable":true,"href":"http:\/\/www.caracterenaturel.com\/index.php\/wp-json\/wp\/v2\/comments?post=534"}],"version-history":[{"count":1,"href":"http:\/\/www.caracterenaturel.com\/index.php\/wp-json\/wp\/v2\/pages\/534\/revisions"}],"predecessor-version":[{"id":538,"href":"http:\/\/www.caracterenaturel.com\/index.php\/wp-json\/wp\/v2\/pages\/534\/revisions\/538"}],"wp:attachment":[{"href":"http:\/\/www.caracterenaturel.com\/index.php\/wp-json\/wp\/v2\/media?parent=534"}],"curies":[{"name":"wp","href":"https:\/\/api.w.org\/{rel}","templated":true}]}}