{"id":521,"date":"2025-05-21T11:50:46","date_gmt":"2025-05-21T09:50:46","guid":{"rendered":"http:\/\/www.caracterenaturel.com\/?page_id=521"},"modified":"2025-05-21T11:50:46","modified_gmt":"2025-05-21T09:50:46","slug":"lampe-racines-grand-modele","status":"publish","type":"page","link":"http:\/\/www.caracterenaturel.com\/index.php\/lampe-racines-grand-modele\/","title":{"rendered":"Lampe racines grand mod\u00e8le"},"content":{"rendered":"\n<p class=\"has-text-align-center\">Socle: \u00f845cm, abat-jour: \u00f840cm, hauteur totale: 65cm<br><a href=\"http:\/\/www.caracterenaturel.com\/index.php\/contactform7\/\">Commandez la votre \u00e0 vos dimensions<\/a><\/p>\n\n\n\n<p class=\"has-text-align-center\"><\/p>\n\n\n\n<figure class=\"wp-block-image size-large\"><img loading=\"lazy\" decoding=\"async\" width=\"768\" height=\"1024\" src=\"http:\/\/www.caracterenaturel.com\/wp-content\/uploads\/2025\/05\/IMG_1858-2060p-768x1024.jpg\" alt=\"\" class=\"wp-image-522\" srcset=\"http:\/\/www.caracterenaturel.com\/wp-content\/uploads\/2025\/05\/IMG_1858-2060p-768x1024.jpg 768w, http:\/\/www.caracterenaturel.com\/wp-content\/uploads\/2025\/05\/IMG_1858-2060p-225x300.jpg 225w, http:\/\/www.caracterenaturel.com\/wp-content\/uploads\/2025\/05\/IMG_1858-2060p-1152x1536.jpg 1152w, http:\/\/www.caracterenaturel.com\/wp-content\/uploads\/2025\/05\/IMG_1858-2060p-1536x2048.jpg 1536w, http:\/\/www.caracterenaturel.com\/wp-content\/uploads\/2025\/05\/IMG_1858-2060p-1200x1600.jpg 1200w, http:\/\/www.caracterenaturel.com\/wp-content\/uploads\/2025\/05\/IMG_1858-2060p.jpg 1545w\" sizes=\"auto, (max-width: 768px) 100vw, 768px\" \/><\/figure>\n","protected":false},"excerpt":{"rendered":"<p>Socle: \u00f845cm, abat-jour: \u00f840cm, hauteur totale: 65cmCommandez la votre \u00e0 vos dimensions<\/p>\n","protected":false},"author":1,"featured_media":0,"parent":0,"menu_order":0,"comment_status":"closed","ping_status":"closed","template":"","meta":{"footnotes":""},"class_list":["post-521","page","type-page","status-publish","hentry"],"_links":{"self":[{"href":"http:\/\/www.caracterenaturel.com\/index.php\/wp-json\/wp\/v2\/pages\/521","targetHints":{"allow":["GET"]}}],"collection":[{"href":"http:\/\/www.caracterenaturel.com\/index.php\/wp-json\/wp\/v2\/pages"}],"about":[{"href":"http:\/\/www.caracterenaturel.com\/index.php\/wp-json\/wp\/v2\/types\/page"}],"author":[{"embeddable":true,"href":"http:\/\/www.caracterenaturel.com\/index.php\/wp-json\/wp\/v2\/users\/1"}],"replies":[{"embeddable":true,"href":"http:\/\/www.caracterenaturel.com\/index.php\/wp-json\/wp\/v2\/comments?post=521"}],"version-history":[{"count":1,"href":"http:\/\/www.caracterenaturel.com\/index.php\/wp-json\/wp\/v2\/pages\/521\/revisions"}],"predecessor-version":[{"id":524,"href":"http:\/\/www.caracterenaturel.com\/index.php\/wp-json\/wp\/v2\/pages\/521\/revisions\/524"}],"wp:attachment":[{"href":"http:\/\/www.caracterenaturel.com\/index.php\/wp-json\/wp\/v2\/media?parent=521"}],"curies":[{"name":"wp","href":"https:\/\/api.w.org\/{rel}","templated":true}]}}