{"id":492,"date":"2025-03-29T11:16:08","date_gmt":"2025-03-29T10:16:08","guid":{"rendered":"http:\/\/www.caracterenaturel.com\/?page_id=492"},"modified":"2025-03-29T11:17:22","modified_gmt":"2025-03-29T10:17:22","slug":"console-arbre","status":"publish","type":"page","link":"http:\/\/www.caracterenaturel.com\/index.php\/console-arbre\/","title":{"rendered":"Console \u00ab\u00a0Arbre\u00a0\u00bb"},"content":{"rendered":"\n<p class=\"has-text-align-center\">En bois flott\u00e9 et bois de r\u00e9cup\u00e9ration. <br><a href=\"http:\/\/www.caracterenaturel.com\/index.php\/contactform7\/\">Commandez la votre \u00e0 vos dimensions<\/a><\/p>\n\n\n\n<figure class=\"wp-block-image size-large\"><img loading=\"lazy\" decoding=\"async\" width=\"736\" height=\"1024\" src=\"http:\/\/www.caracterenaturel.com\/wp-content\/uploads\/2025\/03\/DSCN2451-web-736x1024.jpg\" alt=\"Console &quot;Arbre&quot;\" class=\"wp-image-493\" srcset=\"http:\/\/www.caracterenaturel.com\/wp-content\/uploads\/2025\/03\/DSCN2451-web-736x1024.jpg 736w, http:\/\/www.caracterenaturel.com\/wp-content\/uploads\/2025\/03\/DSCN2451-web-216x300.jpg 216w, http:\/\/www.caracterenaturel.com\/wp-content\/uploads\/2025\/03\/DSCN2451-web-768x1068.jpg 768w, http:\/\/www.caracterenaturel.com\/wp-content\/uploads\/2025\/03\/DSCN2451-web-1105x1536.jpg 1105w, http:\/\/www.caracterenaturel.com\/wp-content\/uploads\/2025\/03\/DSCN2451-web-1473x2048.jpg 1473w, http:\/\/www.caracterenaturel.com\/wp-content\/uploads\/2025\/03\/DSCN2451-web-1200x1669.jpg 1200w, http:\/\/www.caracterenaturel.com\/wp-content\/uploads\/2025\/03\/DSCN2451-web.jpg 1734w\" sizes=\"auto, (max-width: 736px) 100vw, 736px\" \/><\/figure>\n\n\n\n<figure class=\"wp-block-image size-large\"><img loading=\"lazy\" decoding=\"async\" width=\"768\" height=\"1024\" src=\"http:\/\/www.caracterenaturel.com\/wp-content\/uploads\/2025\/03\/DSCN2454-web-768x1024.jpg\" alt=\"Console &quot;Arbre&quot;\" class=\"wp-image-494\" srcset=\"http:\/\/www.caracterenaturel.com\/wp-content\/uploads\/2025\/03\/DSCN2454-web-768x1024.jpg 768w, http:\/\/www.caracterenaturel.com\/wp-content\/uploads\/2025\/03\/DSCN2454-web-225x300.jpg 225w, http:\/\/www.caracterenaturel.com\/wp-content\/uploads\/2025\/03\/DSCN2454-web-1152x1536.jpg 1152w, http:\/\/www.caracterenaturel.com\/wp-content\/uploads\/2025\/03\/DSCN2454-web-1536x2048.jpg 1536w, http:\/\/www.caracterenaturel.com\/wp-content\/uploads\/2025\/03\/DSCN2454-web-1200x1600.jpg 1200w, http:\/\/www.caracterenaturel.com\/wp-content\/uploads\/2025\/03\/DSCN2454-web.jpg 1920w\" sizes=\"auto, (max-width: 768px) 100vw, 768px\" \/><\/figure>\n","protected":false},"excerpt":{"rendered":"<p>En bois flott\u00e9 et bois de r\u00e9cup\u00e9ration. Commandez la votre \u00e0 vos dimensions<\/p>\n","protected":false},"author":1,"featured_media":0,"parent":0,"menu_order":0,"comment_status":"closed","ping_status":"closed","template":"","meta":{"footnotes":""},"class_list":["post-492","page","type-page","status-publish","hentry"],"_links":{"self":[{"href":"http:\/\/www.caracterenaturel.com\/index.php\/wp-json\/wp\/v2\/pages\/492","targetHints":{"allow":["GET"]}}],"collection":[{"href":"http:\/\/www.caracterenaturel.com\/index.php\/wp-json\/wp\/v2\/pages"}],"about":[{"href":"http:\/\/www.caracterenaturel.com\/index.php\/wp-json\/wp\/v2\/types\/page"}],"author":[{"embeddable":true,"href":"http:\/\/www.caracterenaturel.com\/index.php\/wp-json\/wp\/v2\/users\/1"}],"replies":[{"embeddable":true,"href":"http:\/\/www.caracterenaturel.com\/index.php\/wp-json\/wp\/v2\/comments?post=492"}],"version-history":[{"count":2,"href":"http:\/\/www.caracterenaturel.com\/index.php\/wp-json\/wp\/v2\/pages\/492\/revisions"}],"predecessor-version":[{"id":497,"href":"http:\/\/www.caracterenaturel.com\/index.php\/wp-json\/wp\/v2\/pages\/492\/revisions\/497"}],"wp:attachment":[{"href":"http:\/\/www.caracterenaturel.com\/index.php\/wp-json\/wp\/v2\/media?parent=492"}],"curies":[{"name":"wp","href":"https:\/\/api.w.org\/{rel}","templated":true}]}}