{"id":469,"date":"2025-03-29T10:42:53","date_gmt":"2025-03-29T09:42:53","guid":{"rendered":"http:\/\/www.caracterenaturel.com\/?page_id=469"},"modified":"2025-03-29T10:43:49","modified_gmt":"2025-03-29T09:43:49","slug":"presentoir-a-cartes-de-visite","status":"publish","type":"page","link":"http:\/\/www.caracterenaturel.com\/index.php\/presentoir-a-cartes-de-visite\/","title":{"rendered":"Pr\u00e9sentoir \u00e0 cartes de visite ou flyers"},"content":{"rendered":"\n<p class=\"has-text-align-center\">En bois flott\u00e9 et bois de r\u00e9cup\u00e9ration.\u00a0<br><a href=\"http:\/\/www.caracterenaturel.com\/index.php\/contactform7\/\">Commandez le votre \u00e0 vos dimensions<\/a><\/p>\n\n\n\n<figure class=\"wp-block-image size-full\"><img loading=\"lazy\" decoding=\"async\" width=\"1024\" height=\"678\" src=\"http:\/\/www.caracterenaturel.com\/wp-content\/uploads\/2025\/03\/IMGP1637-web.jpg\" alt=\"\" class=\"wp-image-470\" srcset=\"http:\/\/www.caracterenaturel.com\/wp-content\/uploads\/2025\/03\/IMGP1637-web.jpg 1024w, http:\/\/www.caracterenaturel.com\/wp-content\/uploads\/2025\/03\/IMGP1637-web-300x199.jpg 300w, http:\/\/www.caracterenaturel.com\/wp-content\/uploads\/2025\/03\/IMGP1637-web-768x509.jpg 768w\" sizes=\"auto, (max-width: 1024px) 100vw, 1024px\" \/><\/figure>\n\n\n\n<figure class=\"wp-block-image size-full\"><img loading=\"lazy\" decoding=\"async\" width=\"1024\" height=\"678\" src=\"http:\/\/www.caracterenaturel.com\/wp-content\/uploads\/2025\/03\/IMGP1642-web.jpg\" alt=\"\" class=\"wp-image-471\" srcset=\"http:\/\/www.caracterenaturel.com\/wp-content\/uploads\/2025\/03\/IMGP1642-web.jpg 1024w, http:\/\/www.caracterenaturel.com\/wp-content\/uploads\/2025\/03\/IMGP1642-web-300x199.jpg 300w, http:\/\/www.caracterenaturel.com\/wp-content\/uploads\/2025\/03\/IMGP1642-web-768x509.jpg 768w\" sizes=\"auto, (max-width: 1024px) 100vw, 1024px\" \/><\/figure>\n","protected":false},"excerpt":{"rendered":"<p>En bois flott\u00e9 et bois de r\u00e9cup\u00e9ration.\u00a0Commandez le votre \u00e0 vos dimensions<\/p>\n","protected":false},"author":1,"featured_media":0,"parent":0,"menu_order":0,"comment_status":"closed","ping_status":"closed","template":"","meta":{"footnotes":""},"class_list":["post-469","page","type-page","status-publish","hentry"],"_links":{"self":[{"href":"http:\/\/www.caracterenaturel.com\/index.php\/wp-json\/wp\/v2\/pages\/469","targetHints":{"allow":["GET"]}}],"collection":[{"href":"http:\/\/www.caracterenaturel.com\/index.php\/wp-json\/wp\/v2\/pages"}],"about":[{"href":"http:\/\/www.caracterenaturel.com\/index.php\/wp-json\/wp\/v2\/types\/page"}],"author":[{"embeddable":true,"href":"http:\/\/www.caracterenaturel.com\/index.php\/wp-json\/wp\/v2\/users\/1"}],"replies":[{"embeddable":true,"href":"http:\/\/www.caracterenaturel.com\/index.php\/wp-json\/wp\/v2\/comments?post=469"}],"version-history":[{"count":3,"href":"http:\/\/www.caracterenaturel.com\/index.php\/wp-json\/wp\/v2\/pages\/469\/revisions"}],"predecessor-version":[{"id":475,"href":"http:\/\/www.caracterenaturel.com\/index.php\/wp-json\/wp\/v2\/pages\/469\/revisions\/475"}],"wp:attachment":[{"href":"http:\/\/www.caracterenaturel.com\/index.php\/wp-json\/wp\/v2\/media?parent=469"}],"curies":[{"name":"wp","href":"https:\/\/api.w.org\/{rel}","templated":true}]}}