{"id":353,"date":"2024-03-28T18:47:47","date_gmt":"2024-03-28T17:47:47","guid":{"rendered":"http:\/\/www.caracterenaturel.com\/?page_id=353"},"modified":"2025-03-28T11:10:13","modified_gmt":"2025-03-28T10:10:13","slug":"abre-a-bijoux-edition-createurs","status":"publish","type":"page","link":"http:\/\/www.caracterenaturel.com\/index.php\/objets-de-decoration\/abre-a-bijoux-edition-createurs\/","title":{"rendered":"Arbre \u00e0 bijoux \u00e9dition cr\u00e9ateurs"},"content":{"rendered":"\n<p class=\"has-text-align-center\">En bois flott\u00e9 et bois de r\u00e9cup\u00e9ration. <br><a href=\"http:\/\/www.caracterenaturel.com\/index.php\/contactform7\/\" data-type=\"link\" data-id=\"http:\/\/www.caracterenaturel.com\/index.php\/contactform7\/\">Commandez le votre<\/a><\/p>\n\n\n\n<figure class=\"wp-block-embed is-type-video is-provider-youtube wp-block-embed-youtube wp-embed-aspect-16-9 wp-has-aspect-ratio\"><div class=\"wp-block-embed__wrapper\">\n<iframe loading=\"lazy\" title=\"Arbre a\u0300 bijoux Caract\u00e8re Naturel, \u00e9dition cr\u00e9ateurs\" width=\"580\" height=\"326\" src=\"https:\/\/www.youtube.com\/embed\/cpTUkV6wTPY?feature=oembed\" frameborder=\"0\" allow=\"accelerometer; autoplay; clipboard-write; encrypted-media; gyroscope; picture-in-picture; web-share\" referrerpolicy=\"strict-origin-when-cross-origin\" allowfullscreen><\/iframe>\n<\/div><\/figure>\n\n\n\n<p>Aujourd\u2019hui je vous pr\u00e9sente une \u00e9dition sp\u00e9ciale des mes arbres \u00e0 bijoux destin\u00e9e aux cr\u00e9ateurs qui souhaitent exposer sur des lieux d\u2019\u00e9v\u00e8nements.<\/p>\n\n\n\n<p>Les plus grosses diff\u00e9rences sont la boite de transport mais aussi une plus grande robustesse des branches de l\u2019arbre.<\/p>\n\n\n\n<p>J\u2019ai choisi d\u2019utiliser des caisses de 12 bouteilles de vin de r\u00e9cup\u00e9ration qui offre un volume int\u00e9rieur suffisant et un volume ext\u00e9rieur mod\u00e9r\u00e9 pour les cr\u00e9ateurs qui voyagent avec une simple voiture.<\/p>\n\n\n\n<p>Les dimensions de l\u2019arbre sont calcul\u00e9es pour qu\u2019il soit bien cal\u00e9 et qu\u2019il soit facile de le sortir.<\/p>\n\n\n\n<p>Ainsi vous pouvez exposer vos bijoux dans la boite et en dehors.<\/p>\n\n\n\n<p>Pour ceux qui veulent laisser l\u2019arbre \u00e0 l\u2019int\u00e9rieur, en option j\u2019ai \u00e9galement ajout\u00e9 cette r\u00e9glette d\u2019\u00e9clairage qui poss\u00e8de une batterie, mais qu\u2019on peut aussi alimenter sur secteur. Elle est fix\u00e9e \u00e0 la boite par des aimants.<\/p>\n\n\n\n<p>3 aimants sont incrust\u00e9s dans le fond de la boite, afin de fixer un fond de couleur en papier ou en tissu.<\/p>\n\n\n\n<p>Ici la boite est enti\u00e8rement peinte en blanc mais je peux la livrer brute, couleur pin \u00e0 peindre vous m\u00eame<\/p>\n","protected":false},"excerpt":{"rendered":"<p>En bois flott\u00e9 et bois de r\u00e9cup\u00e9ration. Commandez le votre Aujourd\u2019hui je vous pr\u00e9sente une \u00e9dition sp\u00e9ciale des mes arbres \u00e0 bijoux destin\u00e9e aux cr\u00e9ateurs qui souhaitent exposer sur des lieux d\u2019\u00e9v\u00e8nements. Les plus grosses diff\u00e9rences sont la boite de transport mais aussi une plus grande robustesse des branches de l\u2019arbre. J\u2019ai choisi d\u2019utiliser des [&hellip;]<\/p>\n","protected":false},"author":1,"featured_media":0,"parent":57,"menu_order":0,"comment_status":"closed","ping_status":"closed","template":"","meta":{"footnotes":""},"class_list":["post-353","page","type-page","status-publish","hentry"],"_links":{"self":[{"href":"http:\/\/www.caracterenaturel.com\/index.php\/wp-json\/wp\/v2\/pages\/353","targetHints":{"allow":["GET"]}}],"collection":[{"href":"http:\/\/www.caracterenaturel.com\/index.php\/wp-json\/wp\/v2\/pages"}],"about":[{"href":"http:\/\/www.caracterenaturel.com\/index.php\/wp-json\/wp\/v2\/types\/page"}],"author":[{"embeddable":true,"href":"http:\/\/www.caracterenaturel.com\/index.php\/wp-json\/wp\/v2\/users\/1"}],"replies":[{"embeddable":true,"href":"http:\/\/www.caracterenaturel.com\/index.php\/wp-json\/wp\/v2\/comments?post=353"}],"version-history":[{"count":4,"href":"http:\/\/www.caracterenaturel.com\/index.php\/wp-json\/wp\/v2\/pages\/353\/revisions"}],"predecessor-version":[{"id":491,"href":"http:\/\/www.caracterenaturel.com\/index.php\/wp-json\/wp\/v2\/pages\/353\/revisions\/491"}],"up":[{"embeddable":true,"href":"http:\/\/www.caracterenaturel.com\/index.php\/wp-json\/wp\/v2\/pages\/57"}],"wp:attachment":[{"href":"http:\/\/www.caracterenaturel.com\/index.php\/wp-json\/wp\/v2\/media?parent=353"}],"curies":[{"name":"wp","href":"https:\/\/api.w.org\/{rel}","templated":true}]}}