{"id":298,"date":"2024-01-03T16:15:07","date_gmt":"2024-01-03T15:15:07","guid":{"rendered":"http:\/\/www.caracterenaturel.com\/?page_id=298"},"modified":"2025-03-28T11:27:03","modified_gmt":"2025-03-28T10:27:03","slug":"meuble-de-salle-de-bain","status":"publish","type":"page","link":"http:\/\/www.caracterenaturel.com\/index.php\/meubles\/meuble-de-salle-de-bain\/","title":{"rendered":"Meuble de salle de bain"},"content":{"rendered":"\n<p class=\"has-text-align-center\">En bois flott\u00e9 et bois de r\u00e9cup\u00e9ration.<br><a href=\"http:\/\/www.caracterenaturel.com\/index.php\/contactform7\/\" data-type=\"page\" data-id=\"213\">Commandez le votre \u00e0 vos dimensions<\/a><\/p>\n\n\n\n<figure class=\"wp-block-image size-large\"><img loading=\"lazy\" decoding=\"async\" width=\"1024\" height=\"751\" src=\"http:\/\/www.caracterenaturel.com\/wp-content\/uploads\/2024\/01\/CAB1674-presse-1024x751.jpg\" alt=\"\" class=\"wp-image-299\" srcset=\"http:\/\/www.caracterenaturel.com\/wp-content\/uploads\/2024\/01\/CAB1674-presse-1024x751.jpg 1024w, http:\/\/www.caracterenaturel.com\/wp-content\/uploads\/2024\/01\/CAB1674-presse-300x220.jpg 300w, http:\/\/www.caracterenaturel.com\/wp-content\/uploads\/2024\/01\/CAB1674-presse-768x563.jpg 768w, http:\/\/www.caracterenaturel.com\/wp-content\/uploads\/2024\/01\/CAB1674-presse-1536x1126.jpg 1536w, http:\/\/www.caracterenaturel.com\/wp-content\/uploads\/2024\/01\/CAB1674-presse-2048x1502.jpg 2048w, http:\/\/www.caracterenaturel.com\/wp-content\/uploads\/2024\/01\/CAB1674-presse-1200x880.jpg 1200w, http:\/\/www.caracterenaturel.com\/wp-content\/uploads\/2024\/01\/CAB1674-presse-1980x1452.jpg 1980w\" sizes=\"auto, (max-width: 1024px) 100vw, 1024px\" \/><\/figure>\n","protected":false},"excerpt":{"rendered":"<p>En bois flott\u00e9 et bois de r\u00e9cup\u00e9ration.Commandez le votre \u00e0 vos dimensions<\/p>\n","protected":false},"author":1,"featured_media":0,"parent":80,"menu_order":0,"comment_status":"closed","ping_status":"closed","template":"","meta":{"footnotes":""},"class_list":["post-298","page","type-page","status-publish","hentry"],"_links":{"self":[{"href":"http:\/\/www.caracterenaturel.com\/index.php\/wp-json\/wp\/v2\/pages\/298","targetHints":{"allow":["GET"]}}],"collection":[{"href":"http:\/\/www.caracterenaturel.com\/index.php\/wp-json\/wp\/v2\/pages"}],"about":[{"href":"http:\/\/www.caracterenaturel.com\/index.php\/wp-json\/wp\/v2\/types\/page"}],"author":[{"embeddable":true,"href":"http:\/\/www.caracterenaturel.com\/index.php\/wp-json\/wp\/v2\/users\/1"}],"replies":[{"embeddable":true,"href":"http:\/\/www.caracterenaturel.com\/index.php\/wp-json\/wp\/v2\/comments?post=298"}],"version-history":[{"count":2,"href":"http:\/\/www.caracterenaturel.com\/index.php\/wp-json\/wp\/v2\/pages\/298\/revisions"}],"predecessor-version":[{"id":421,"href":"http:\/\/www.caracterenaturel.com\/index.php\/wp-json\/wp\/v2\/pages\/298\/revisions\/421"}],"up":[{"embeddable":true,"href":"http:\/\/www.caracterenaturel.com\/index.php\/wp-json\/wp\/v2\/pages\/80"}],"wp:attachment":[{"href":"http:\/\/www.caracterenaturel.com\/index.php\/wp-json\/wp\/v2\/media?parent=298"}],"curies":[{"name":"wp","href":"https:\/\/api.w.org\/{rel}","templated":true}]}}