{"id":289,"date":"2024-01-03T16:11:44","date_gmt":"2024-01-03T15:11:44","guid":{"rendered":"http:\/\/www.caracterenaturel.com\/?page_id=289"},"modified":"2025-03-28T11:25:08","modified_gmt":"2025-03-28T10:25:08","slug":"coiffeuse","status":"publish","type":"page","link":"http:\/\/www.caracterenaturel.com\/index.php\/meubles\/coiffeuse\/","title":{"rendered":"Coiffeuse"},"content":{"rendered":"\n<p class=\"has-text-align-center\">En bois flott\u00e9 et bois de r\u00e9cup\u00e9ration.<br><a href=\"http:\/\/www.caracterenaturel.com\/index.php\/contactform7\/\" data-type=\"page\" data-id=\"213\">Commandez la votre \u00e0 vos dimensions<\/a><\/p>\n\n\n\n<figure class=\"wp-block-image size-large\"><img loading=\"lazy\" decoding=\"async\" width=\"751\" height=\"1024\" src=\"http:\/\/www.caracterenaturel.com\/wp-content\/uploads\/2024\/01\/DSCN3538-presse-751x1024.jpg\" alt=\"\" class=\"wp-image-290\" srcset=\"http:\/\/www.caracterenaturel.com\/wp-content\/uploads\/2024\/01\/DSCN3538-presse-751x1024.jpg 751w, http:\/\/www.caracterenaturel.com\/wp-content\/uploads\/2024\/01\/DSCN3538-presse-220x300.jpg 220w, http:\/\/www.caracterenaturel.com\/wp-content\/uploads\/2024\/01\/DSCN3538-presse-768x1048.jpg 768w, http:\/\/www.caracterenaturel.com\/wp-content\/uploads\/2024\/01\/DSCN3538-presse-1126x1536.jpg 1126w, http:\/\/www.caracterenaturel.com\/wp-content\/uploads\/2024\/01\/DSCN3538-presse-1501x2048.jpg 1501w, http:\/\/www.caracterenaturel.com\/wp-content\/uploads\/2024\/01\/DSCN3538-presse-1200x1637.jpg 1200w, http:\/\/www.caracterenaturel.com\/wp-content\/uploads\/2024\/01\/DSCN3538-presse.jpg 1860w\" sizes=\"auto, (max-width: 751px) 100vw, 751px\" \/><\/figure>\n\n\n\n<figure class=\"wp-block-image size-full\"><img loading=\"lazy\" decoding=\"async\" width=\"800\" height=\"587\" src=\"http:\/\/www.caracterenaturel.com\/wp-content\/uploads\/2024\/01\/DSCN3492-web.jpg\" alt=\"\" class=\"wp-image-291\" srcset=\"http:\/\/www.caracterenaturel.com\/wp-content\/uploads\/2024\/01\/DSCN3492-web.jpg 800w, http:\/\/www.caracterenaturel.com\/wp-content\/uploads\/2024\/01\/DSCN3492-web-300x220.jpg 300w, http:\/\/www.caracterenaturel.com\/wp-content\/uploads\/2024\/01\/DSCN3492-web-768x564.jpg 768w\" sizes=\"auto, (max-width: 800px) 100vw, 800px\" \/><\/figure>\n\n\n\n<figure class=\"wp-block-image size-large\"><img loading=\"lazy\" decoding=\"async\" width=\"751\" height=\"1024\" src=\"http:\/\/www.caracterenaturel.com\/wp-content\/uploads\/2024\/01\/DSCN3501-web-751x1024.jpg\" alt=\"\" class=\"wp-image-292\" srcset=\"http:\/\/www.caracterenaturel.com\/wp-content\/uploads\/2024\/01\/DSCN3501-web-751x1024.jpg 751w, http:\/\/www.caracterenaturel.com\/wp-content\/uploads\/2024\/01\/DSCN3501-web-220x300.jpg 220w, http:\/\/www.caracterenaturel.com\/wp-content\/uploads\/2024\/01\/DSCN3501-web-768x1047.jpg 768w, http:\/\/www.caracterenaturel.com\/wp-content\/uploads\/2024\/01\/DSCN3501-web.jpg 800w\" sizes=\"auto, (max-width: 751px) 100vw, 751px\" \/><\/figure>\n\n\n\n<figure class=\"wp-block-image size-full\"><img loading=\"lazy\" decoding=\"async\" width=\"800\" height=\"587\" src=\"http:\/\/www.caracterenaturel.com\/wp-content\/uploads\/2024\/01\/DSCN3165-web.jpg\" alt=\"\" class=\"wp-image-293\" srcset=\"http:\/\/www.caracterenaturel.com\/wp-content\/uploads\/2024\/01\/DSCN3165-web.jpg 800w, http:\/\/www.caracterenaturel.com\/wp-content\/uploads\/2024\/01\/DSCN3165-web-300x220.jpg 300w, http:\/\/www.caracterenaturel.com\/wp-content\/uploads\/2024\/01\/DSCN3165-web-768x564.jpg 768w\" sizes=\"auto, (max-width: 800px) 100vw, 800px\" \/><\/figure>\n\n\n\n<figure class=\"wp-block-image size-large\"><img loading=\"lazy\" decoding=\"async\" width=\"751\" height=\"1024\" src=\"http:\/\/www.caracterenaturel.com\/wp-content\/uploads\/2024\/01\/DSCN3536-web-751x1024.jpg\" alt=\"\" class=\"wp-image-294\" srcset=\"http:\/\/www.caracterenaturel.com\/wp-content\/uploads\/2024\/01\/DSCN3536-web-751x1024.jpg 751w, http:\/\/www.caracterenaturel.com\/wp-content\/uploads\/2024\/01\/DSCN3536-web-220x300.jpg 220w, http:\/\/www.caracterenaturel.com\/wp-content\/uploads\/2024\/01\/DSCN3536-web-768x1047.jpg 768w, http:\/\/www.caracterenaturel.com\/wp-content\/uploads\/2024\/01\/DSCN3536-web.jpg 800w\" sizes=\"auto, (max-width: 751px) 100vw, 751px\" \/><\/figure>\n","protected":false},"excerpt":{"rendered":"<p>En bois flott\u00e9 et bois de r\u00e9cup\u00e9ration.Commandez la votre \u00e0 vos dimensions<\/p>\n","protected":false},"author":1,"featured_media":0,"parent":80,"menu_order":0,"comment_status":"closed","ping_status":"closed","template":"","meta":{"footnotes":""},"class_list":["post-289","page","type-page","status-publish","hentry"],"_links":{"self":[{"href":"http:\/\/www.caracterenaturel.com\/index.php\/wp-json\/wp\/v2\/pages\/289","targetHints":{"allow":["GET"]}}],"collection":[{"href":"http:\/\/www.caracterenaturel.com\/index.php\/wp-json\/wp\/v2\/pages"}],"about":[{"href":"http:\/\/www.caracterenaturel.com\/index.php\/wp-json\/wp\/v2\/types\/page"}],"author":[{"embeddable":true,"href":"http:\/\/www.caracterenaturel.com\/index.php\/wp-json\/wp\/v2\/users\/1"}],"replies":[{"embeddable":true,"href":"http:\/\/www.caracterenaturel.com\/index.php\/wp-json\/wp\/v2\/comments?post=289"}],"version-history":[{"count":2,"href":"http:\/\/www.caracterenaturel.com\/index.php\/wp-json\/wp\/v2\/pages\/289\/revisions"}],"predecessor-version":[{"id":416,"href":"http:\/\/www.caracterenaturel.com\/index.php\/wp-json\/wp\/v2\/pages\/289\/revisions\/416"}],"up":[{"embeddable":true,"href":"http:\/\/www.caracterenaturel.com\/index.php\/wp-json\/wp\/v2\/pages\/80"}],"wp:attachment":[{"href":"http:\/\/www.caracterenaturel.com\/index.php\/wp-json\/wp\/v2\/media?parent=289"}],"curies":[{"name":"wp","href":"https:\/\/api.w.org\/{rel}","templated":true}]}}