{"id":268,"date":"2024-01-03T16:01:46","date_gmt":"2024-01-03T15:01:46","guid":{"rendered":"http:\/\/www.caracterenaturel.com\/?page_id=268"},"modified":"2025-03-28T11:23:37","modified_gmt":"2025-03-28T10:23:37","slug":"lustre","status":"publish","type":"page","link":"http:\/\/www.caracterenaturel.com\/index.php\/luminaires\/lustre\/","title":{"rendered":"Lustre"},"content":{"rendered":"\n<p class=\"has-text-align-center\">En bois flott\u00e9 et bois de r\u00e9cup\u00e9ration.<br><a href=\"http:\/\/www.caracterenaturel.com\/index.php\/contactform7\/\" data-type=\"page\" data-id=\"213\">Commandez le votre \u00e0 vos dimensions<\/a><\/p>\n\n\n\n<figure class=\"wp-block-image size-full\"><img loading=\"lazy\" decoding=\"async\" width=\"800\" height=\"551\" src=\"http:\/\/www.caracterenaturel.com\/wp-content\/uploads\/2024\/01\/DSCN2523-web.jpg\" alt=\"\" class=\"wp-image-269\" srcset=\"http:\/\/www.caracterenaturel.com\/wp-content\/uploads\/2024\/01\/DSCN2523-web.jpg 800w, http:\/\/www.caracterenaturel.com\/wp-content\/uploads\/2024\/01\/DSCN2523-web-300x207.jpg 300w, http:\/\/www.caracterenaturel.com\/wp-content\/uploads\/2024\/01\/DSCN2523-web-768x529.jpg 768w\" sizes=\"auto, (max-width: 800px) 100vw, 800px\" \/><\/figure>\n\n\n\n<figure class=\"wp-block-image size-full\"><img loading=\"lazy\" decoding=\"async\" width=\"600\" height=\"696\" src=\"http:\/\/www.caracterenaturel.com\/wp-content\/uploads\/2024\/01\/DSCN2544-lustre_bois_flotte.jpg\" alt=\"\" class=\"wp-image-270\" srcset=\"http:\/\/www.caracterenaturel.com\/wp-content\/uploads\/2024\/01\/DSCN2544-lustre_bois_flotte.jpg 600w, http:\/\/www.caracterenaturel.com\/wp-content\/uploads\/2024\/01\/DSCN2544-lustre_bois_flotte-259x300.jpg 259w\" sizes=\"auto, (max-width: 600px) 100vw, 600px\" \/><\/figure>\n\n\n\n<figure class=\"wp-block-image size-full\"><img loading=\"lazy\" decoding=\"async\" width=\"600\" height=\"768\" src=\"http:\/\/www.caracterenaturel.com\/wp-content\/uploads\/2024\/01\/DSCN2547_lustre_bois_flotte.jpg\" alt=\"\" class=\"wp-image-271\" srcset=\"http:\/\/www.caracterenaturel.com\/wp-content\/uploads\/2024\/01\/DSCN2547_lustre_bois_flotte.jpg 600w, http:\/\/www.caracterenaturel.com\/wp-content\/uploads\/2024\/01\/DSCN2547_lustre_bois_flotte-234x300.jpg 234w\" sizes=\"auto, (max-width: 600px) 100vw, 600px\" \/><\/figure>\n","protected":false},"excerpt":{"rendered":"<p>En bois flott\u00e9 et bois de r\u00e9cup\u00e9ration.Commandez le votre \u00e0 vos dimensions<\/p>\n","protected":false},"author":1,"featured_media":0,"parent":70,"menu_order":0,"comment_status":"closed","ping_status":"closed","template":"","meta":{"footnotes":""},"class_list":["post-268","page","type-page","status-publish","hentry"],"_links":{"self":[{"href":"http:\/\/www.caracterenaturel.com\/index.php\/wp-json\/wp\/v2\/pages\/268","targetHints":{"allow":["GET"]}}],"collection":[{"href":"http:\/\/www.caracterenaturel.com\/index.php\/wp-json\/wp\/v2\/pages"}],"about":[{"href":"http:\/\/www.caracterenaturel.com\/index.php\/wp-json\/wp\/v2\/types\/page"}],"author":[{"embeddable":true,"href":"http:\/\/www.caracterenaturel.com\/index.php\/wp-json\/wp\/v2\/users\/1"}],"replies":[{"embeddable":true,"href":"http:\/\/www.caracterenaturel.com\/index.php\/wp-json\/wp\/v2\/comments?post=268"}],"version-history":[{"count":2,"href":"http:\/\/www.caracterenaturel.com\/index.php\/wp-json\/wp\/v2\/pages\/268\/revisions"}],"predecessor-version":[{"id":414,"href":"http:\/\/www.caracterenaturel.com\/index.php\/wp-json\/wp\/v2\/pages\/268\/revisions\/414"}],"up":[{"embeddable":true,"href":"http:\/\/www.caracterenaturel.com\/index.php\/wp-json\/wp\/v2\/pages\/70"}],"wp:attachment":[{"href":"http:\/\/www.caracterenaturel.com\/index.php\/wp-json\/wp\/v2\/media?parent=268"}],"curies":[{"name":"wp","href":"https:\/\/api.w.org\/{rel}","templated":true}]}}