{"id":262,"date":"2024-01-03T15:56:53","date_gmt":"2024-01-03T14:56:53","guid":{"rendered":"http:\/\/www.caracterenaturel.com\/?page_id=262"},"modified":"2025-03-29T10:32:00","modified_gmt":"2025-03-29T09:32:00","slug":"lampe-de-chevet","status":"publish","type":"page","link":"http:\/\/www.caracterenaturel.com\/index.php\/luminaires\/lampe-de-chevet\/","title":{"rendered":"Lampe de chevet"},"content":{"rendered":"\n<p class=\"has-text-align-center\">En bois flott\u00e9 et bois de r\u00e9cup\u00e9ration. Vendue<br><a href=\"http:\/\/www.caracterenaturel.com\/index.php\/contactform7\/\" data-type=\"page\" data-id=\"213\">Commandez la votre \u00e0 vos dimensions<\/a><\/p>\n\n\n\n<figure class=\"wp-block-image size-large\"><img loading=\"lazy\" decoding=\"async\" width=\"668\" height=\"1024\" src=\"http:\/\/www.caracterenaturel.com\/wp-content\/uploads\/2024\/01\/DSCN2496-668x1024.jpg\" alt=\"\" class=\"wp-image-259\" srcset=\"http:\/\/www.caracterenaturel.com\/wp-content\/uploads\/2024\/01\/DSCN2496-668x1024.jpg 668w, http:\/\/www.caracterenaturel.com\/wp-content\/uploads\/2024\/01\/DSCN2496-196x300.jpg 196w, http:\/\/www.caracterenaturel.com\/wp-content\/uploads\/2024\/01\/DSCN2496-768x1177.jpg 768w, http:\/\/www.caracterenaturel.com\/wp-content\/uploads\/2024\/01\/DSCN2496-1002x1536.jpg 1002w, http:\/\/www.caracterenaturel.com\/wp-content\/uploads\/2024\/01\/DSCN2496-1336x2048.jpg 1336w, http:\/\/www.caracterenaturel.com\/wp-content\/uploads\/2024\/01\/DSCN2496-1200x1839.jpg 1200w, http:\/\/www.caracterenaturel.com\/wp-content\/uploads\/2024\/01\/DSCN2496.jpg 1542w\" sizes=\"auto, (max-width: 668px) 100vw, 668px\" \/><\/figure>\n\n\n\n<figure class=\"wp-block-image size-large\"><img loading=\"lazy\" decoding=\"async\" width=\"751\" height=\"1024\" src=\"http:\/\/www.caracterenaturel.com\/wp-content\/uploads\/2024\/01\/DSCN2499-751x1024.jpg\" alt=\"\" class=\"wp-image-260\" srcset=\"http:\/\/www.caracterenaturel.com\/wp-content\/uploads\/2024\/01\/DSCN2499-751x1024.jpg 751w, http:\/\/www.caracterenaturel.com\/wp-content\/uploads\/2024\/01\/DSCN2499-220x300.jpg 220w, http:\/\/www.caracterenaturel.com\/wp-content\/uploads\/2024\/01\/DSCN2499-768x1047.jpg 768w, http:\/\/www.caracterenaturel.com\/wp-content\/uploads\/2024\/01\/DSCN2499-1126x1536.jpg 1126w, http:\/\/www.caracterenaturel.com\/wp-content\/uploads\/2024\/01\/DSCN2499-1502x2048.jpg 1502w, http:\/\/www.caracterenaturel.com\/wp-content\/uploads\/2024\/01\/DSCN2499-1200x1637.jpg 1200w, http:\/\/www.caracterenaturel.com\/wp-content\/uploads\/2024\/01\/DSCN2499.jpg 1784w\" sizes=\"auto, (max-width: 751px) 100vw, 751px\" \/><\/figure>\n","protected":false},"excerpt":{"rendered":"<p>En bois flott\u00e9 et bois de r\u00e9cup\u00e9ration. VendueCommandez la votre \u00e0 vos dimensions<\/p>\n","protected":false},"author":1,"featured_media":0,"parent":70,"menu_order":0,"comment_status":"closed","ping_status":"closed","template":"","meta":{"footnotes":""},"class_list":["post-262","page","type-page","status-publish","hentry"],"_links":{"self":[{"href":"http:\/\/www.caracterenaturel.com\/index.php\/wp-json\/wp\/v2\/pages\/262","targetHints":{"allow":["GET"]}}],"collection":[{"href":"http:\/\/www.caracterenaturel.com\/index.php\/wp-json\/wp\/v2\/pages"}],"about":[{"href":"http:\/\/www.caracterenaturel.com\/index.php\/wp-json\/wp\/v2\/types\/page"}],"author":[{"embeddable":true,"href":"http:\/\/www.caracterenaturel.com\/index.php\/wp-json\/wp\/v2\/users\/1"}],"replies":[{"embeddable":true,"href":"http:\/\/www.caracterenaturel.com\/index.php\/wp-json\/wp\/v2\/comments?post=262"}],"version-history":[{"count":5,"href":"http:\/\/www.caracterenaturel.com\/index.php\/wp-json\/wp\/v2\/pages\/262\/revisions"}],"predecessor-version":[{"id":468,"href":"http:\/\/www.caracterenaturel.com\/index.php\/wp-json\/wp\/v2\/pages\/262\/revisions\/468"}],"up":[{"embeddable":true,"href":"http:\/\/www.caracterenaturel.com\/index.php\/wp-json\/wp\/v2\/pages\/70"}],"wp:attachment":[{"href":"http:\/\/www.caracterenaturel.com\/index.php\/wp-json\/wp\/v2\/media?parent=262"}],"curies":[{"name":"wp","href":"https:\/\/api.w.org\/{rel}","templated":true}]}}