{"id":237,"date":"2024-01-03T15:43:31","date_gmt":"2024-01-03T14:43:31","guid":{"rendered":"http:\/\/www.caracterenaturel.com\/?page_id=237"},"modified":"2025-03-29T09:57:10","modified_gmt":"2025-03-29T08:57:10","slug":"lampe-petit-bois","status":"publish","type":"page","link":"http:\/\/www.caracterenaturel.com\/index.php\/luminaires\/lampe-petit-bois\/","title":{"rendered":"Lampe \u00ab\u00a0Petit bois\u00a0\u00bb"},"content":{"rendered":"\n<p class=\"has-text-align-center\">En bois flott\u00e9 et bois de r\u00e9cup\u00e9ration.<br>Vendue sans abat-jour<br><a href=\"http:\/\/www.caracterenaturel.com\/index.php\/contactform7\/\" data-type=\"page\" data-id=\"213\">Commandez la votre \u00e0 vos dimensions<\/a><\/p>\n\n\n\n<figure class=\"wp-block-image size-large\"><img loading=\"lazy\" decoding=\"async\" width=\"1024\" height=\"768\" src=\"http:\/\/www.caracterenaturel.com\/wp-content\/uploads\/2025\/03\/DSCN1686-web-1024x768.jpg\" alt=\"\" class=\"wp-image-428\" srcset=\"http:\/\/www.caracterenaturel.com\/wp-content\/uploads\/2025\/03\/DSCN1686-web-1024x768.jpg 1024w, http:\/\/www.caracterenaturel.com\/wp-content\/uploads\/2025\/03\/DSCN1686-web-300x225.jpg 300w, http:\/\/www.caracterenaturel.com\/wp-content\/uploads\/2025\/03\/DSCN1686-web-768x576.jpg 768w, http:\/\/www.caracterenaturel.com\/wp-content\/uploads\/2025\/03\/DSCN1686-web-1536x1152.jpg 1536w, http:\/\/www.caracterenaturel.com\/wp-content\/uploads\/2025\/03\/DSCN1686-web-2048x1536.jpg 2048w, http:\/\/www.caracterenaturel.com\/wp-content\/uploads\/2025\/03\/DSCN1686-web-1200x900.jpg 1200w, http:\/\/www.caracterenaturel.com\/wp-content\/uploads\/2025\/03\/DSCN1686-web-1980x1485.jpg 1980w\" sizes=\"auto, (max-width: 1024px) 100vw, 1024px\" \/><\/figure>\n\n\n\n<figure class=\"wp-block-image size-large\"><img loading=\"lazy\" decoding=\"async\" width=\"753\" height=\"1024\" src=\"http:\/\/www.caracterenaturel.com\/wp-content\/uploads\/2025\/03\/DSCN1682-web-1-753x1024.jpg\" alt=\"\" class=\"wp-image-438\" srcset=\"http:\/\/www.caracterenaturel.com\/wp-content\/uploads\/2025\/03\/DSCN1682-web-1-753x1024.jpg 753w, http:\/\/www.caracterenaturel.com\/wp-content\/uploads\/2025\/03\/DSCN1682-web-1-221x300.jpg 221w, http:\/\/www.caracterenaturel.com\/wp-content\/uploads\/2025\/03\/DSCN1682-web-1-768x1044.jpg 768w, http:\/\/www.caracterenaturel.com\/wp-content\/uploads\/2025\/03\/DSCN1682-web-1-1129x1536.jpg 1129w, http:\/\/www.caracterenaturel.com\/wp-content\/uploads\/2025\/03\/DSCN1682-web-1-1506x2048.jpg 1506w, http:\/\/www.caracterenaturel.com\/wp-content\/uploads\/2025\/03\/DSCN1682-web-1-1200x1632.jpg 1200w, http:\/\/www.caracterenaturel.com\/wp-content\/uploads\/2025\/03\/DSCN1682-web-1.jpg 1800w\" sizes=\"auto, (max-width: 753px) 100vw, 753px\" \/><\/figure>\n","protected":false},"excerpt":{"rendered":"<p>En bois flott\u00e9 et bois de r\u00e9cup\u00e9ration.Vendue sans abat-jourCommandez la votre \u00e0 vos dimensions<\/p>\n","protected":false},"author":1,"featured_media":0,"parent":70,"menu_order":0,"comment_status":"closed","ping_status":"closed","template":"","meta":{"footnotes":""},"class_list":["post-237","page","type-page","status-publish","hentry"],"_links":{"self":[{"href":"http:\/\/www.caracterenaturel.com\/index.php\/wp-json\/wp\/v2\/pages\/237","targetHints":{"allow":["GET"]}}],"collection":[{"href":"http:\/\/www.caracterenaturel.com\/index.php\/wp-json\/wp\/v2\/pages"}],"about":[{"href":"http:\/\/www.caracterenaturel.com\/index.php\/wp-json\/wp\/v2\/types\/page"}],"author":[{"embeddable":true,"href":"http:\/\/www.caracterenaturel.com\/index.php\/wp-json\/wp\/v2\/users\/1"}],"replies":[{"embeddable":true,"href":"http:\/\/www.caracterenaturel.com\/index.php\/wp-json\/wp\/v2\/comments?post=237"}],"version-history":[{"count":4,"href":"http:\/\/www.caracterenaturel.com\/index.php\/wp-json\/wp\/v2\/pages\/237\/revisions"}],"predecessor-version":[{"id":439,"href":"http:\/\/www.caracterenaturel.com\/index.php\/wp-json\/wp\/v2\/pages\/237\/revisions\/439"}],"up":[{"embeddable":true,"href":"http:\/\/www.caracterenaturel.com\/index.php\/wp-json\/wp\/v2\/pages\/70"}],"wp:attachment":[{"href":"http:\/\/www.caracterenaturel.com\/index.php\/wp-json\/wp\/v2\/media?parent=237"}],"curies":[{"name":"wp","href":"https:\/\/api.w.org\/{rel}","templated":true}]}}