{"id":218,"date":"2024-01-03T15:26:33","date_gmt":"2024-01-03T14:26:33","guid":{"rendered":"http:\/\/www.caracterenaturel.com\/?page_id=218"},"modified":"2025-03-28T11:25:40","modified_gmt":"2025-03-28T10:25:40","slug":"gueridon","status":"publish","type":"page","link":"http:\/\/www.caracterenaturel.com\/index.php\/meubles\/gueridon\/","title":{"rendered":"Gu\u00e9ridon"},"content":{"rendered":"\n<p class=\"has-text-align-center\">En bois flott\u00e9 et bois de r\u00e9cup\u00e9ration.<br><a href=\"http:\/\/www.caracterenaturel.com\/index.php\/contactform7\/\" data-type=\"page\" data-id=\"213\">Commandez le votre \u00e0 vos dimensions<\/a><\/p>\n\n\n\n<figure class=\"wp-block-image size-large\"><img loading=\"lazy\" decoding=\"async\" width=\"764\" height=\"1024\" src=\"http:\/\/www.caracterenaturel.com\/wp-content\/uploads\/2024\/01\/DSCN1081-764x1024.jpg\" alt=\"\" class=\"wp-image-219\" srcset=\"http:\/\/www.caracterenaturel.com\/wp-content\/uploads\/2024\/01\/DSCN1081-764x1024.jpg 764w, http:\/\/www.caracterenaturel.com\/wp-content\/uploads\/2024\/01\/DSCN1081-224x300.jpg 224w, http:\/\/www.caracterenaturel.com\/wp-content\/uploads\/2024\/01\/DSCN1081-768x1029.jpg 768w, http:\/\/www.caracterenaturel.com\/wp-content\/uploads\/2024\/01\/DSCN1081-1146x1536.jpg 1146w, http:\/\/www.caracterenaturel.com\/wp-content\/uploads\/2024\/01\/DSCN1081-1200x1608.jpg 1200w, http:\/\/www.caracterenaturel.com\/wp-content\/uploads\/2024\/01\/DSCN1081.jpg 1400w\" sizes=\"auto, (max-width: 764px) 100vw, 764px\" \/><\/figure>\n\n\n\n<figure class=\"wp-block-image size-large\"><img loading=\"lazy\" decoding=\"async\" width=\"743\" height=\"1024\" src=\"http:\/\/www.caracterenaturel.com\/wp-content\/uploads\/2024\/01\/DSCN1007-743x1024.jpg\" alt=\"\" class=\"wp-image-220\" srcset=\"http:\/\/www.caracterenaturel.com\/wp-content\/uploads\/2024\/01\/DSCN1007-743x1024.jpg 743w, http:\/\/www.caracterenaturel.com\/wp-content\/uploads\/2024\/01\/DSCN1007-218x300.jpg 218w, http:\/\/www.caracterenaturel.com\/wp-content\/uploads\/2024\/01\/DSCN1007-768x1058.jpg 768w, http:\/\/www.caracterenaturel.com\/wp-content\/uploads\/2024\/01\/DSCN1007-1115x1536.jpg 1115w, http:\/\/www.caracterenaturel.com\/wp-content\/uploads\/2024\/01\/DSCN1007-1487x2048.jpg 1487w, http:\/\/www.caracterenaturel.com\/wp-content\/uploads\/2024\/01\/DSCN1007-1200x1653.jpg 1200w, http:\/\/www.caracterenaturel.com\/wp-content\/uploads\/2024\/01\/DSCN1007.jpg 1760w\" sizes=\"auto, (max-width: 743px) 100vw, 743px\" \/><\/figure>\n\n\n\n<figure class=\"wp-block-image size-full\"><img loading=\"lazy\" decoding=\"async\" width=\"800\" height=\"586\" src=\"http:\/\/www.caracterenaturel.com\/wp-content\/uploads\/2024\/01\/397935_367045509992208_100000602872864_1281964_1439195921_n-web.jpg\" alt=\"\" class=\"wp-image-221\" srcset=\"http:\/\/www.caracterenaturel.com\/wp-content\/uploads\/2024\/01\/397935_367045509992208_100000602872864_1281964_1439195921_n-web.jpg 800w, http:\/\/www.caracterenaturel.com\/wp-content\/uploads\/2024\/01\/397935_367045509992208_100000602872864_1281964_1439195921_n-web-300x220.jpg 300w, http:\/\/www.caracterenaturel.com\/wp-content\/uploads\/2024\/01\/397935_367045509992208_100000602872864_1281964_1439195921_n-web-768x563.jpg 768w\" sizes=\"auto, (max-width: 800px) 100vw, 800px\" \/><\/figure>\n","protected":false},"excerpt":{"rendered":"<p>En bois flott\u00e9 et bois de r\u00e9cup\u00e9ration.Commandez le votre \u00e0 vos dimensions<\/p>\n","protected":false},"author":1,"featured_media":0,"parent":80,"menu_order":0,"comment_status":"closed","ping_status":"closed","template":"","meta":{"footnotes":""},"class_list":["post-218","page","type-page","status-publish","hentry"],"_links":{"self":[{"href":"http:\/\/www.caracterenaturel.com\/index.php\/wp-json\/wp\/v2\/pages\/218","targetHints":{"allow":["GET"]}}],"collection":[{"href":"http:\/\/www.caracterenaturel.com\/index.php\/wp-json\/wp\/v2\/pages"}],"about":[{"href":"http:\/\/www.caracterenaturel.com\/index.php\/wp-json\/wp\/v2\/types\/page"}],"author":[{"embeddable":true,"href":"http:\/\/www.caracterenaturel.com\/index.php\/wp-json\/wp\/v2\/users\/1"}],"replies":[{"embeddable":true,"href":"http:\/\/www.caracterenaturel.com\/index.php\/wp-json\/wp\/v2\/comments?post=218"}],"version-history":[{"count":2,"href":"http:\/\/www.caracterenaturel.com\/index.php\/wp-json\/wp\/v2\/pages\/218\/revisions"}],"predecessor-version":[{"id":417,"href":"http:\/\/www.caracterenaturel.com\/index.php\/wp-json\/wp\/v2\/pages\/218\/revisions\/417"}],"up":[{"embeddable":true,"href":"http:\/\/www.caracterenaturel.com\/index.php\/wp-json\/wp\/v2\/pages\/80"}],"wp:attachment":[{"href":"http:\/\/www.caracterenaturel.com\/index.php\/wp-json\/wp\/v2\/media?parent=218"}],"curies":[{"name":"wp","href":"https:\/\/api.w.org\/{rel}","templated":true}]}}