{"id":203,"date":"2023-11-02T11:45:10","date_gmt":"2023-11-02T10:45:10","guid":{"rendered":"http:\/\/www.caracterenaturel.com\/?page_id=203"},"modified":"2025-03-28T11:26:17","modified_gmt":"2025-03-28T10:26:17","slug":"console-2015","status":"publish","type":"page","link":"http:\/\/www.caracterenaturel.com\/index.php\/meubles\/console-2015\/","title":{"rendered":"Console 2015"},"content":{"rendered":"\n<p class=\"has-text-align-center\">En bois flott\u00e9 et bois de r\u00e9cup\u00e9ration.<br><a href=\"http:\/\/www.caracterenaturel.com\/index.php\/contactform7\/\" data-type=\"page\" data-id=\"213\">Commandez la votre \u00e0 vos dimensions<\/a><\/p>\n\n\n\n<figure class=\"wp-block-image size-full\"><img loading=\"lazy\" decoding=\"async\" width=\"800\" height=\"654\" src=\"http:\/\/www.caracterenaturel.com\/wp-content\/uploads\/2023\/11\/IMGP1137-web.jpg\" alt=\"\" class=\"wp-image-204\" srcset=\"http:\/\/www.caracterenaturel.com\/wp-content\/uploads\/2023\/11\/IMGP1137-web.jpg 800w, http:\/\/www.caracterenaturel.com\/wp-content\/uploads\/2023\/11\/IMGP1137-web-300x245.jpg 300w, http:\/\/www.caracterenaturel.com\/wp-content\/uploads\/2023\/11\/IMGP1137-web-768x628.jpg 768w\" sizes=\"auto, (max-width: 800px) 100vw, 800px\" \/><\/figure>\n\n\n\n<figure class=\"wp-block-image size-full\"><img loading=\"lazy\" decoding=\"async\" width=\"800\" height=\"530\" src=\"http:\/\/www.caracterenaturel.com\/wp-content\/uploads\/2023\/11\/IMGP1138-web.jpg\" alt=\"\" class=\"wp-image-205\" srcset=\"http:\/\/www.caracterenaturel.com\/wp-content\/uploads\/2023\/11\/IMGP1138-web.jpg 800w, http:\/\/www.caracterenaturel.com\/wp-content\/uploads\/2023\/11\/IMGP1138-web-300x199.jpg 300w, http:\/\/www.caracterenaturel.com\/wp-content\/uploads\/2023\/11\/IMGP1138-web-768x509.jpg 768w\" sizes=\"auto, (max-width: 800px) 100vw, 800px\" \/><\/figure>\n\n\n\n<figure class=\"wp-block-image size-large\"><img loading=\"lazy\" decoding=\"async\" width=\"678\" height=\"1024\" src=\"http:\/\/www.caracterenaturel.com\/wp-content\/uploads\/2023\/11\/IMGP1145-web-678x1024.jpg\" alt=\"\" class=\"wp-image-206\" srcset=\"http:\/\/www.caracterenaturel.com\/wp-content\/uploads\/2023\/11\/IMGP1145-web-678x1024.jpg 678w, http:\/\/www.caracterenaturel.com\/wp-content\/uploads\/2023\/11\/IMGP1145-web-199x300.jpg 199w, http:\/\/www.caracterenaturel.com\/wp-content\/uploads\/2023\/11\/IMGP1145-web-768x1160.jpg 768w, http:\/\/www.caracterenaturel.com\/wp-content\/uploads\/2023\/11\/IMGP1145-web.jpg 800w\" sizes=\"auto, (max-width: 678px) 100vw, 678px\" \/><\/figure>\n\n\n\n<figure class=\"wp-block-image size-full\"><img loading=\"lazy\" decoding=\"async\" width=\"800\" height=\"530\" src=\"http:\/\/www.caracterenaturel.com\/wp-content\/uploads\/2023\/11\/IMGP1154-web.jpg\" alt=\"\" class=\"wp-image-207\" srcset=\"http:\/\/www.caracterenaturel.com\/wp-content\/uploads\/2023\/11\/IMGP1154-web.jpg 800w, http:\/\/www.caracterenaturel.com\/wp-content\/uploads\/2023\/11\/IMGP1154-web-300x199.jpg 300w, http:\/\/www.caracterenaturel.com\/wp-content\/uploads\/2023\/11\/IMGP1154-web-768x509.jpg 768w\" sizes=\"auto, (max-width: 800px) 100vw, 800px\" \/><\/figure>\n","protected":false},"excerpt":{"rendered":"<p>En bois flott\u00e9 et bois de r\u00e9cup\u00e9ration.Commandez la votre \u00e0 vos dimensions<\/p>\n","protected":false},"author":1,"featured_media":0,"parent":80,"menu_order":0,"comment_status":"closed","ping_status":"closed","template":"","meta":{"footnotes":""},"class_list":["post-203","page","type-page","status-publish","hentry"],"_links":{"self":[{"href":"http:\/\/www.caracterenaturel.com\/index.php\/wp-json\/wp\/v2\/pages\/203","targetHints":{"allow":["GET"]}}],"collection":[{"href":"http:\/\/www.caracterenaturel.com\/index.php\/wp-json\/wp\/v2\/pages"}],"about":[{"href":"http:\/\/www.caracterenaturel.com\/index.php\/wp-json\/wp\/v2\/types\/page"}],"author":[{"embeddable":true,"href":"http:\/\/www.caracterenaturel.com\/index.php\/wp-json\/wp\/v2\/users\/1"}],"replies":[{"embeddable":true,"href":"http:\/\/www.caracterenaturel.com\/index.php\/wp-json\/wp\/v2\/comments?post=203"}],"version-history":[{"count":2,"href":"http:\/\/www.caracterenaturel.com\/index.php\/wp-json\/wp\/v2\/pages\/203\/revisions"}],"predecessor-version":[{"id":419,"href":"http:\/\/www.caracterenaturel.com\/index.php\/wp-json\/wp\/v2\/pages\/203\/revisions\/419"}],"up":[{"embeddable":true,"href":"http:\/\/www.caracterenaturel.com\/index.php\/wp-json\/wp\/v2\/pages\/80"}],"wp:attachment":[{"href":"http:\/\/www.caracterenaturel.com\/index.php\/wp-json\/wp\/v2\/media?parent=203"}],"curies":[{"name":"wp","href":"https:\/\/api.w.org\/{rel}","templated":true}]}}