{"id":197,"date":"2023-11-02T11:40:41","date_gmt":"2023-11-02T10:40:41","guid":{"rendered":"http:\/\/www.caracterenaturel.com\/?page_id=197"},"modified":"2025-03-28T11:25:57","modified_gmt":"2025-03-28T10:25:57","slug":"console-2014","status":"publish","type":"page","link":"http:\/\/www.caracterenaturel.com\/index.php\/meubles\/console-2014\/","title":{"rendered":"Console 2014"},"content":{"rendered":"\n<p class=\"has-text-align-center\">En bois flott\u00e9 et bois de r\u00e9cup\u00e9ration.<br><a href=\"http:\/\/www.caracterenaturel.com\/index.php\/contactform7\/\" data-type=\"page\" data-id=\"213\">Commandez la votre \u00e0 vos dimensions<\/a><\/p>\n\n\n\n<figure class=\"wp-block-image size-full\"><img loading=\"lazy\" decoding=\"async\" width=\"800\" height=\"1082\" src=\"http:\/\/www.caracterenaturel.com\/wp-content\/uploads\/2023\/11\/IMGP0392-web.jpg\" alt=\"\" class=\"wp-image-198\" srcset=\"http:\/\/www.caracterenaturel.com\/wp-content\/uploads\/2023\/11\/IMGP0392-web.jpg 800w, http:\/\/www.caracterenaturel.com\/wp-content\/uploads\/2023\/11\/IMGP0392-web-222x300.jpg 222w, http:\/\/www.caracterenaturel.com\/wp-content\/uploads\/2023\/11\/IMGP0392-web-757x1024.jpg 757w, http:\/\/www.caracterenaturel.com\/wp-content\/uploads\/2023\/11\/IMGP0392-web-768x1039.jpg 768w\" sizes=\"auto, (max-width: 800px) 100vw, 800px\" \/><\/figure>\n\n\n\n<figure class=\"wp-block-image size-full\"><img loading=\"lazy\" decoding=\"async\" width=\"800\" height=\"530\" src=\"http:\/\/www.caracterenaturel.com\/wp-content\/uploads\/2023\/11\/IMGP0406-web.jpg\" alt=\"\" class=\"wp-image-199\" srcset=\"http:\/\/www.caracterenaturel.com\/wp-content\/uploads\/2023\/11\/IMGP0406-web.jpg 800w, http:\/\/www.caracterenaturel.com\/wp-content\/uploads\/2023\/11\/IMGP0406-web-300x199.jpg 300w, http:\/\/www.caracterenaturel.com\/wp-content\/uploads\/2023\/11\/IMGP0406-web-768x509.jpg 768w\" sizes=\"auto, (max-width: 800px) 100vw, 800px\" \/><\/figure>\n","protected":false},"excerpt":{"rendered":"<p>En bois flott\u00e9 et bois de r\u00e9cup\u00e9ration.Commandez la votre \u00e0 vos dimensions<\/p>\n","protected":false},"author":1,"featured_media":0,"parent":80,"menu_order":0,"comment_status":"closed","ping_status":"closed","template":"","meta":{"footnotes":""},"class_list":["post-197","page","type-page","status-publish","hentry"],"_links":{"self":[{"href":"http:\/\/www.caracterenaturel.com\/index.php\/wp-json\/wp\/v2\/pages\/197","targetHints":{"allow":["GET"]}}],"collection":[{"href":"http:\/\/www.caracterenaturel.com\/index.php\/wp-json\/wp\/v2\/pages"}],"about":[{"href":"http:\/\/www.caracterenaturel.com\/index.php\/wp-json\/wp\/v2\/types\/page"}],"author":[{"embeddable":true,"href":"http:\/\/www.caracterenaturel.com\/index.php\/wp-json\/wp\/v2\/users\/1"}],"replies":[{"embeddable":true,"href":"http:\/\/www.caracterenaturel.com\/index.php\/wp-json\/wp\/v2\/comments?post=197"}],"version-history":[{"count":2,"href":"http:\/\/www.caracterenaturel.com\/index.php\/wp-json\/wp\/v2\/pages\/197\/revisions"}],"predecessor-version":[{"id":418,"href":"http:\/\/www.caracterenaturel.com\/index.php\/wp-json\/wp\/v2\/pages\/197\/revisions\/418"}],"up":[{"embeddable":true,"href":"http:\/\/www.caracterenaturel.com\/index.php\/wp-json\/wp\/v2\/pages\/80"}],"wp:attachment":[{"href":"http:\/\/www.caracterenaturel.com\/index.php\/wp-json\/wp\/v2\/media?parent=197"}],"curies":[{"name":"wp","href":"https:\/\/api.w.org\/{rel}","templated":true}]}}