{"id":180,"date":"2023-11-02T11:23:58","date_gmt":"2023-11-02T10:23:58","guid":{"rendered":"http:\/\/www.caracterenaturel.com\/?page_id=180"},"modified":"2025-03-28T11:29:02","modified_gmt":"2025-03-28T10:29:02","slug":"miroir-vertical","status":"publish","type":"page","link":"http:\/\/www.caracterenaturel.com\/index.php\/miroirs\/miroir-vertical\/","title":{"rendered":"Miroir vertical"},"content":{"rendered":"\n<p class=\"has-text-align-center\">En bois flott\u00e9 et bois de r\u00e9cup\u00e9ration. 163x33cm<br><a href=\"http:\/\/www.caracterenaturel.com\/index.php\/contactform7\/\" data-type=\"page\" data-id=\"213\">Commandez le votre \u00e0 vos dimension<\/a>s<\/p>\n\n\n\n<figure class=\"wp-block-image size-large\"><img loading=\"lazy\" decoding=\"async\" width=\"751\" height=\"1024\" src=\"http:\/\/www.caracterenaturel.com\/wp-content\/uploads\/2023\/11\/DSCN2614-751x1024.jpg\" alt=\"\" class=\"wp-image-181\" srcset=\"http:\/\/www.caracterenaturel.com\/wp-content\/uploads\/2023\/11\/DSCN2614-751x1024.jpg 751w, http:\/\/www.caracterenaturel.com\/wp-content\/uploads\/2023\/11\/DSCN2614-220x300.jpg 220w, http:\/\/www.caracterenaturel.com\/wp-content\/uploads\/2023\/11\/DSCN2614-768x1047.jpg 768w, http:\/\/www.caracterenaturel.com\/wp-content\/uploads\/2023\/11\/DSCN2614-1126x1536.jpg 1126w, http:\/\/www.caracterenaturel.com\/wp-content\/uploads\/2023\/11\/DSCN2614-1502x2048.jpg 1502w, http:\/\/www.caracterenaturel.com\/wp-content\/uploads\/2023\/11\/DSCN2614-1200x1636.jpg 1200w, http:\/\/www.caracterenaturel.com\/wp-content\/uploads\/2023\/11\/DSCN2614.jpg 1788w\" sizes=\"auto, (max-width: 751px) 100vw, 751px\" \/><\/figure>\n\n\n\n<figure class=\"wp-block-image size-full\"><img loading=\"lazy\" decoding=\"async\" width=\"1436\" height=\"1958\" src=\"http:\/\/www.caracterenaturel.com\/wp-content\/uploads\/2023\/11\/appart1.jpg\" alt=\"\" class=\"wp-image-182\" srcset=\"http:\/\/www.caracterenaturel.com\/wp-content\/uploads\/2023\/11\/appart1.jpg 1436w, http:\/\/www.caracterenaturel.com\/wp-content\/uploads\/2023\/11\/appart1-220x300.jpg 220w, http:\/\/www.caracterenaturel.com\/wp-content\/uploads\/2023\/11\/appart1-751x1024.jpg 751w, http:\/\/www.caracterenaturel.com\/wp-content\/uploads\/2023\/11\/appart1-768x1047.jpg 768w, http:\/\/www.caracterenaturel.com\/wp-content\/uploads\/2023\/11\/appart1-1127x1536.jpg 1127w, http:\/\/www.caracterenaturel.com\/wp-content\/uploads\/2023\/11\/appart1-1200x1636.jpg 1200w\" sizes=\"auto, (max-width: 1436px) 100vw, 1436px\" \/><\/figure>\n","protected":false},"excerpt":{"rendered":"<p>En bois flott\u00e9 et bois de r\u00e9cup\u00e9ration. 163x33cmCommandez le votre \u00e0 vos dimensions<\/p>\n","protected":false},"author":1,"featured_media":0,"parent":168,"menu_order":0,"comment_status":"closed","ping_status":"closed","template":"","meta":{"footnotes":""},"class_list":["post-180","page","type-page","status-publish","hentry"],"_links":{"self":[{"href":"http:\/\/www.caracterenaturel.com\/index.php\/wp-json\/wp\/v2\/pages\/180","targetHints":{"allow":["GET"]}}],"collection":[{"href":"http:\/\/www.caracterenaturel.com\/index.php\/wp-json\/wp\/v2\/pages"}],"about":[{"href":"http:\/\/www.caracterenaturel.com\/index.php\/wp-json\/wp\/v2\/types\/page"}],"author":[{"embeddable":true,"href":"http:\/\/www.caracterenaturel.com\/index.php\/wp-json\/wp\/v2\/users\/1"}],"replies":[{"embeddable":true,"href":"http:\/\/www.caracterenaturel.com\/index.php\/wp-json\/wp\/v2\/comments?post=180"}],"version-history":[{"count":2,"href":"http:\/\/www.caracterenaturel.com\/index.php\/wp-json\/wp\/v2\/pages\/180\/revisions"}],"predecessor-version":[{"id":424,"href":"http:\/\/www.caracterenaturel.com\/index.php\/wp-json\/wp\/v2\/pages\/180\/revisions\/424"}],"up":[{"embeddable":true,"href":"http:\/\/www.caracterenaturel.com\/index.php\/wp-json\/wp\/v2\/pages\/168"}],"wp:attachment":[{"href":"http:\/\/www.caracterenaturel.com\/index.php\/wp-json\/wp\/v2\/media?parent=180"}],"curies":[{"name":"wp","href":"https:\/\/api.w.org\/{rel}","templated":true}]}}