{"id":174,"date":"2023-11-02T11:19:13","date_gmt":"2023-11-02T10:19:13","guid":{"rendered":"http:\/\/www.caracterenaturel.com\/?page_id=174"},"modified":"2025-03-28T11:28:31","modified_gmt":"2025-03-28T10:28:31","slug":"miroir-rectangulaire","status":"publish","type":"page","link":"http:\/\/www.caracterenaturel.com\/index.php\/miroirs\/miroir-rectangulaire\/","title":{"rendered":"Miroir rectangulaire"},"content":{"rendered":"\n<p class=\"has-text-align-center\">En bois flott\u00e9 et bois de r\u00e9cup\u00e9ration. 60x72cm <br><a href=\"http:\/\/www.caracterenaturel.com\/index.php\/contactform7\/\" data-type=\"page\" data-id=\"213\">Commandez le votre \u00e0 vos dimension<\/a>s<\/p>\n\n\n\n<figure class=\"wp-block-image size-full\"><img loading=\"lazy\" decoding=\"async\" width=\"600\" height=\"753\" src=\"http:\/\/www.caracterenaturel.com\/wp-content\/uploads\/2023\/11\/DSCN1156-web.jpg\" alt=\"\" class=\"wp-image-175\" srcset=\"http:\/\/www.caracterenaturel.com\/wp-content\/uploads\/2023\/11\/DSCN1156-web.jpg 600w, http:\/\/www.caracterenaturel.com\/wp-content\/uploads\/2023\/11\/DSCN1156-web-239x300.jpg 239w\" sizes=\"auto, (max-width: 600px) 100vw, 600px\" \/><\/figure>\n\n\n\n<figure class=\"wp-block-image size-full\"><img loading=\"lazy\" decoding=\"async\" width=\"800\" height=\"1017\" src=\"http:\/\/www.caracterenaturel.com\/wp-content\/uploads\/2023\/11\/DSCN1186-web.jpg\" alt=\"\" class=\"wp-image-176\" srcset=\"http:\/\/www.caracterenaturel.com\/wp-content\/uploads\/2023\/11\/DSCN1186-web.jpg 800w, http:\/\/www.caracterenaturel.com\/wp-content\/uploads\/2023\/11\/DSCN1186-web-236x300.jpg 236w, http:\/\/www.caracterenaturel.com\/wp-content\/uploads\/2023\/11\/DSCN1186-web-768x976.jpg 768w\" sizes=\"auto, (max-width: 800px) 100vw, 800px\" \/><\/figure>\n","protected":false},"excerpt":{"rendered":"<p>En bois flott\u00e9 et bois de r\u00e9cup\u00e9ration. 60x72cm Commandez le votre \u00e0 vos dimensions<\/p>\n","protected":false},"author":1,"featured_media":0,"parent":168,"menu_order":0,"comment_status":"closed","ping_status":"closed","template":"","meta":{"footnotes":""},"class_list":["post-174","page","type-page","status-publish","hentry"],"_links":{"self":[{"href":"http:\/\/www.caracterenaturel.com\/index.php\/wp-json\/wp\/v2\/pages\/174","targetHints":{"allow":["GET"]}}],"collection":[{"href":"http:\/\/www.caracterenaturel.com\/index.php\/wp-json\/wp\/v2\/pages"}],"about":[{"href":"http:\/\/www.caracterenaturel.com\/index.php\/wp-json\/wp\/v2\/types\/page"}],"author":[{"embeddable":true,"href":"http:\/\/www.caracterenaturel.com\/index.php\/wp-json\/wp\/v2\/users\/1"}],"replies":[{"embeddable":true,"href":"http:\/\/www.caracterenaturel.com\/index.php\/wp-json\/wp\/v2\/comments?post=174"}],"version-history":[{"count":2,"href":"http:\/\/www.caracterenaturel.com\/index.php\/wp-json\/wp\/v2\/pages\/174\/revisions"}],"predecessor-version":[{"id":423,"href":"http:\/\/www.caracterenaturel.com\/index.php\/wp-json\/wp\/v2\/pages\/174\/revisions\/423"}],"up":[{"embeddable":true,"href":"http:\/\/www.caracterenaturel.com\/index.php\/wp-json\/wp\/v2\/pages\/168"}],"wp:attachment":[{"href":"http:\/\/www.caracterenaturel.com\/index.php\/wp-json\/wp\/v2\/media?parent=174"}],"curies":[{"name":"wp","href":"https:\/\/api.w.org\/{rel}","templated":true}]}}