{"id":162,"date":"2023-11-02T11:13:44","date_gmt":"2023-11-02T10:13:44","guid":{"rendered":"http:\/\/www.caracterenaturel.com\/?page_id=162"},"modified":"2025-03-28T11:27:34","modified_gmt":"2025-03-28T10:27:34","slug":"miroir-horizontal","status":"publish","type":"page","link":"http:\/\/www.caracterenaturel.com\/index.php\/miroirs\/miroir-horizontal\/","title":{"rendered":"Miroir horizontal"},"content":{"rendered":"\n<p class=\"has-text-align-center\">En bois flott\u00e9 et bois de r\u00e9cup\u00e9ration. 72x32cm<br><a href=\"http:\/\/www.caracterenaturel.com\/index.php\/contactform7\/\" data-type=\"page\" data-id=\"213\">Commandez le votre \u00e0 vos dimensions<\/a><\/p>\n\n\n\n<figure class=\"wp-block-image size-full\"><img loading=\"lazy\" decoding=\"async\" width=\"800\" height=\"545\" src=\"http:\/\/www.caracterenaturel.com\/wp-content\/uploads\/2023\/11\/DSCN4059-web.jpg\" alt=\"\" class=\"wp-image-163\" srcset=\"http:\/\/www.caracterenaturel.com\/wp-content\/uploads\/2023\/11\/DSCN4059-web.jpg 800w, http:\/\/www.caracterenaturel.com\/wp-content\/uploads\/2023\/11\/DSCN4059-web-300x204.jpg 300w, http:\/\/www.caracterenaturel.com\/wp-content\/uploads\/2023\/11\/DSCN4059-web-768x523.jpg 768w\" sizes=\"auto, (max-width: 800px) 100vw, 800px\" \/><\/figure>\n\n\n\n<figure class=\"wp-block-image size-full\"><img loading=\"lazy\" decoding=\"async\" width=\"800\" height=\"600\" src=\"http:\/\/www.caracterenaturel.com\/wp-content\/uploads\/2023\/11\/DSCN4048-web.jpg\" alt=\"\" class=\"wp-image-164\" srcset=\"http:\/\/www.caracterenaturel.com\/wp-content\/uploads\/2023\/11\/DSCN4048-web.jpg 800w, http:\/\/www.caracterenaturel.com\/wp-content\/uploads\/2023\/11\/DSCN4048-web-300x225.jpg 300w, http:\/\/www.caracterenaturel.com\/wp-content\/uploads\/2023\/11\/DSCN4048-web-768x576.jpg 768w\" sizes=\"auto, (max-width: 800px) 100vw, 800px\" \/><\/figure>\n\n\n\n<figure class=\"wp-block-image size-full\"><img loading=\"lazy\" decoding=\"async\" width=\"800\" height=\"600\" src=\"http:\/\/www.caracterenaturel.com\/wp-content\/uploads\/2023\/11\/DSCN4043-web.jpg\" alt=\"\" class=\"wp-image-165\" srcset=\"http:\/\/www.caracterenaturel.com\/wp-content\/uploads\/2023\/11\/DSCN4043-web.jpg 800w, http:\/\/www.caracterenaturel.com\/wp-content\/uploads\/2023\/11\/DSCN4043-web-300x225.jpg 300w, http:\/\/www.caracterenaturel.com\/wp-content\/uploads\/2023\/11\/DSCN4043-web-768x576.jpg 768w\" sizes=\"auto, (max-width: 800px) 100vw, 800px\" \/><\/figure>\n","protected":false},"excerpt":{"rendered":"<p>En bois flott\u00e9 et bois de r\u00e9cup\u00e9ration. 72x32cmCommandez le votre \u00e0 vos dimensions<\/p>\n","protected":false},"author":1,"featured_media":0,"parent":168,"menu_order":0,"comment_status":"closed","ping_status":"closed","template":"","meta":{"footnotes":""},"class_list":["post-162","page","type-page","status-publish","hentry"],"_links":{"self":[{"href":"http:\/\/www.caracterenaturel.com\/index.php\/wp-json\/wp\/v2\/pages\/162","targetHints":{"allow":["GET"]}}],"collection":[{"href":"http:\/\/www.caracterenaturel.com\/index.php\/wp-json\/wp\/v2\/pages"}],"about":[{"href":"http:\/\/www.caracterenaturel.com\/index.php\/wp-json\/wp\/v2\/types\/page"}],"author":[{"embeddable":true,"href":"http:\/\/www.caracterenaturel.com\/index.php\/wp-json\/wp\/v2\/users\/1"}],"replies":[{"embeddable":true,"href":"http:\/\/www.caracterenaturel.com\/index.php\/wp-json\/wp\/v2\/comments?post=162"}],"version-history":[{"count":2,"href":"http:\/\/www.caracterenaturel.com\/index.php\/wp-json\/wp\/v2\/pages\/162\/revisions"}],"predecessor-version":[{"id":422,"href":"http:\/\/www.caracterenaturel.com\/index.php\/wp-json\/wp\/v2\/pages\/162\/revisions\/422"}],"up":[{"embeddable":true,"href":"http:\/\/www.caracterenaturel.com\/index.php\/wp-json\/wp\/v2\/pages\/168"}],"wp:attachment":[{"href":"http:\/\/www.caracterenaturel.com\/index.php\/wp-json\/wp\/v2\/media?parent=162"}],"curies":[{"name":"wp","href":"https:\/\/api.w.org\/{rel}","templated":true}]}}