{"id":146,"date":"2023-11-02T11:02:08","date_gmt":"2023-11-02T10:02:08","guid":{"rendered":"http:\/\/www.caracterenaturel.com\/?page_id=146"},"modified":"2025-03-29T10:58:09","modified_gmt":"2025-03-29T09:58:09","slug":"arbre-monumental","status":"publish","type":"page","link":"http:\/\/www.caracterenaturel.com\/index.php\/objets-de-decoration\/arbre-monumental\/","title":{"rendered":"Arbre monumental"},"content":{"rendered":"\n<p class=\"has-text-align-center\">En bois flott\u00e9 et bois de r\u00e9cup\u00e9ration. VENDU<br>3,50m x 4m<\/p>\n\n\n\n<figure class=\"wp-block-image size-large\"><img loading=\"lazy\" decoding=\"async\" width=\"877\" height=\"1024\" src=\"http:\/\/www.caracterenaturel.com\/wp-content\/uploads\/2023\/11\/XNYN4882-877x1024.jpg\" alt=\"\" class=\"wp-image-147\" srcset=\"http:\/\/www.caracterenaturel.com\/wp-content\/uploads\/2023\/11\/XNYN4882-877x1024.jpg 877w, http:\/\/www.caracterenaturel.com\/wp-content\/uploads\/2023\/11\/XNYN4882-257x300.jpg 257w, http:\/\/www.caracterenaturel.com\/wp-content\/uploads\/2023\/11\/XNYN4882-768x897.jpg 768w, http:\/\/www.caracterenaturel.com\/wp-content\/uploads\/2023\/11\/XNYN4882-1315x1536.jpg 1315w, http:\/\/www.caracterenaturel.com\/wp-content\/uploads\/2023\/11\/XNYN4882-1754x2048.jpg 1754w, http:\/\/www.caracterenaturel.com\/wp-content\/uploads\/2023\/11\/XNYN4882-1200x1401.jpg 1200w, http:\/\/www.caracterenaturel.com\/wp-content\/uploads\/2023\/11\/XNYN4882-1980x2312.jpg 1980w\" sizes=\"auto, (max-width: 877px) 100vw, 877px\" \/><\/figure>\n\n\n\n<figure class=\"wp-block-image size-large\"><img loading=\"lazy\" decoding=\"async\" width=\"768\" height=\"1024\" src=\"http:\/\/www.caracterenaturel.com\/wp-content\/uploads\/2023\/11\/KLAP3811-768x1024.jpg\" alt=\"\" class=\"wp-image-148\" srcset=\"http:\/\/www.caracterenaturel.com\/wp-content\/uploads\/2023\/11\/KLAP3811-768x1024.jpg 768w, http:\/\/www.caracterenaturel.com\/wp-content\/uploads\/2023\/11\/KLAP3811-225x300.jpg 225w, http:\/\/www.caracterenaturel.com\/wp-content\/uploads\/2023\/11\/KLAP3811-1152x1536.jpg 1152w, http:\/\/www.caracterenaturel.com\/wp-content\/uploads\/2023\/11\/KLAP3811-1536x2048.jpg 1536w, http:\/\/www.caracterenaturel.com\/wp-content\/uploads\/2023\/11\/KLAP3811-1200x1600.jpg 1200w, http:\/\/www.caracterenaturel.com\/wp-content\/uploads\/2023\/11\/KLAP3811-1980x2640.jpg 1980w, http:\/\/www.caracterenaturel.com\/wp-content\/uploads\/2023\/11\/KLAP3811-scaled.jpg 1920w\" sizes=\"auto, (max-width: 768px) 100vw, 768px\" \/><\/figure>\n\n\n\n<figure class=\"wp-block-image size-large\"><img loading=\"lazy\" decoding=\"async\" width=\"1024\" height=\"1024\" src=\"http:\/\/www.caracterenaturel.com\/wp-content\/uploads\/2025\/03\/IMG_E7804-1024x1024.jpg\" alt=\"\" class=\"wp-image-485\" srcset=\"http:\/\/www.caracterenaturel.com\/wp-content\/uploads\/2025\/03\/IMG_E7804-1024x1024.jpg 1024w, http:\/\/www.caracterenaturel.com\/wp-content\/uploads\/2025\/03\/IMG_E7804-300x300.jpg 300w, http:\/\/www.caracterenaturel.com\/wp-content\/uploads\/2025\/03\/IMG_E7804-150x150.jpg 150w, http:\/\/www.caracterenaturel.com\/wp-content\/uploads\/2025\/03\/IMG_E7804-768x768.jpg 768w, http:\/\/www.caracterenaturel.com\/wp-content\/uploads\/2025\/03\/IMG_E7804-1536x1536.jpg 1536w, http:\/\/www.caracterenaturel.com\/wp-content\/uploads\/2025\/03\/IMG_E7804-2048x2048.jpg 2048w, http:\/\/www.caracterenaturel.com\/wp-content\/uploads\/2025\/03\/IMG_E7804-1200x1200.jpg 1200w, http:\/\/www.caracterenaturel.com\/wp-content\/uploads\/2025\/03\/IMG_E7804-1980x1980.jpg 1980w\" sizes=\"auto, (max-width: 1024px) 100vw, 1024px\" \/><\/figure>\n\n\n\n<figure class=\"wp-block-image size-large\"><img loading=\"lazy\" decoding=\"async\" width=\"1024\" height=\"768\" src=\"http:\/\/www.caracterenaturel.com\/wp-content\/uploads\/2025\/03\/IMG_7223-1024x768.jpg\" alt=\"\" class=\"wp-image-486\" srcset=\"http:\/\/www.caracterenaturel.com\/wp-content\/uploads\/2025\/03\/IMG_7223-1024x768.jpg 1024w, http:\/\/www.caracterenaturel.com\/wp-content\/uploads\/2025\/03\/IMG_7223-300x225.jpg 300w, http:\/\/www.caracterenaturel.com\/wp-content\/uploads\/2025\/03\/IMG_7223-768x576.jpg 768w, http:\/\/www.caracterenaturel.com\/wp-content\/uploads\/2025\/03\/IMG_7223-1536x1152.jpg 1536w, http:\/\/www.caracterenaturel.com\/wp-content\/uploads\/2025\/03\/IMG_7223-2048x1536.jpg 2048w, http:\/\/www.caracterenaturel.com\/wp-content\/uploads\/2025\/03\/IMG_7223-1200x900.jpg 1200w, http:\/\/www.caracterenaturel.com\/wp-content\/uploads\/2025\/03\/IMG_7223-1980x1485.jpg 1980w\" sizes=\"auto, (max-width: 1024px) 100vw, 1024px\" \/><\/figure>\n","protected":false},"excerpt":{"rendered":"<p>En bois flott\u00e9 et bois de r\u00e9cup\u00e9ration. VENDU3,50m x 4m<\/p>\n","protected":false},"author":1,"featured_media":0,"parent":57,"menu_order":0,"comment_status":"closed","ping_status":"closed","template":"","meta":{"footnotes":""},"class_list":["post-146","page","type-page","status-publish","hentry"],"_links":{"self":[{"href":"http:\/\/www.caracterenaturel.com\/index.php\/wp-json\/wp\/v2\/pages\/146","targetHints":{"allow":["GET"]}}],"collection":[{"href":"http:\/\/www.caracterenaturel.com\/index.php\/wp-json\/wp\/v2\/pages"}],"about":[{"href":"http:\/\/www.caracterenaturel.com\/index.php\/wp-json\/wp\/v2\/types\/page"}],"author":[{"embeddable":true,"href":"http:\/\/www.caracterenaturel.com\/index.php\/wp-json\/wp\/v2\/users\/1"}],"replies":[{"embeddable":true,"href":"http:\/\/www.caracterenaturel.com\/index.php\/wp-json\/wp\/v2\/comments?post=146"}],"version-history":[{"count":5,"href":"http:\/\/www.caracterenaturel.com\/index.php\/wp-json\/wp\/v2\/pages\/146\/revisions"}],"predecessor-version":[{"id":487,"href":"http:\/\/www.caracterenaturel.com\/index.php\/wp-json\/wp\/v2\/pages\/146\/revisions\/487"}],"up":[{"embeddable":true,"href":"http:\/\/www.caracterenaturel.com\/index.php\/wp-json\/wp\/v2\/pages\/57"}],"wp:attachment":[{"href":"http:\/\/www.caracterenaturel.com\/index.php\/wp-json\/wp\/v2\/media?parent=146"}],"curies":[{"name":"wp","href":"https:\/\/api.w.org\/{rel}","templated":true}]}}