{"id":135,"date":"2023-11-02T10:53:52","date_gmt":"2023-11-02T09:53:52","guid":{"rendered":"http:\/\/www.caracterenaturel.com\/?page_id=135"},"modified":"2025-05-21T14:53:10","modified_gmt":"2025-05-21T12:53:10","slug":"arbre-a-bijoux","status":"publish","type":"page","link":"http:\/\/www.caracterenaturel.com\/index.php\/objets-de-decoration\/arbre-a-bijoux\/","title":{"rendered":"Arbre \u00e0 bijoux"},"content":{"rendered":"\n<p class=\"has-text-align-center\">En bois flott\u00e9 et bois de r\u00e9cup\u00e9ration. <br><a href=\"http:\/\/www.caracterenaturel.com\/index.php\/contactform7\/\" data-type=\"link\" data-id=\"http:\/\/www.caracterenaturel.com\/index.php\/contactform7\/\">Commandez le votre<\/a><\/p>\n\n\n\n<figure class=\"wp-block-image size-full\"><img loading=\"lazy\" decoding=\"async\" width=\"800\" height=\"1156\" src=\"http:\/\/www.caracterenaturel.com\/wp-content\/uploads\/2023\/11\/DSCN4133-web.jpg\" alt=\"\" class=\"wp-image-138\" srcset=\"http:\/\/www.caracterenaturel.com\/wp-content\/uploads\/2023\/11\/DSCN4133-web.jpg 800w, http:\/\/www.caracterenaturel.com\/wp-content\/uploads\/2023\/11\/DSCN4133-web-208x300.jpg 208w, http:\/\/www.caracterenaturel.com\/wp-content\/uploads\/2023\/11\/DSCN4133-web-709x1024.jpg 709w, http:\/\/www.caracterenaturel.com\/wp-content\/uploads\/2023\/11\/DSCN4133-web-768x1110.jpg 768w\" sizes=\"auto, (max-width: 800px) 100vw, 800px\" \/><\/figure>\n\n\n\n<figure class=\"wp-block-image size-large\"><img loading=\"lazy\" decoding=\"async\" width=\"765\" height=\"1024\" src=\"http:\/\/www.caracterenaturel.com\/wp-content\/uploads\/2023\/11\/DSCN4111-web-765x1024.jpg\" alt=\"\" class=\"wp-image-137\" srcset=\"http:\/\/www.caracterenaturel.com\/wp-content\/uploads\/2023\/11\/DSCN4111-web-765x1024.jpg 765w, http:\/\/www.caracterenaturel.com\/wp-content\/uploads\/2023\/11\/DSCN4111-web-224x300.jpg 224w, http:\/\/www.caracterenaturel.com\/wp-content\/uploads\/2023\/11\/DSCN4111-web-768x1028.jpg 768w, http:\/\/www.caracterenaturel.com\/wp-content\/uploads\/2023\/11\/DSCN4111-web.jpg 800w\" sizes=\"auto, (max-width: 765px) 100vw, 765px\" \/><\/figure>\n\n\n\n<figure class=\"wp-block-image size-large\"><img loading=\"lazy\" decoding=\"async\" width=\"768\" height=\"1024\" src=\"http:\/\/www.caracterenaturel.com\/wp-content\/uploads\/2025\/03\/DSCN0419-768x1024.jpg\" alt=\"\" class=\"wp-image-489\" srcset=\"http:\/\/www.caracterenaturel.com\/wp-content\/uploads\/2025\/03\/DSCN0419-768x1024.jpg 768w, http:\/\/www.caracterenaturel.com\/wp-content\/uploads\/2025\/03\/DSCN0419-225x300.jpg 225w, http:\/\/www.caracterenaturel.com\/wp-content\/uploads\/2025\/03\/DSCN0419-1152x1536.jpg 1152w, http:\/\/www.caracterenaturel.com\/wp-content\/uploads\/2025\/03\/DSCN0419-1536x2048.jpg 1536w, http:\/\/www.caracterenaturel.com\/wp-content\/uploads\/2025\/03\/DSCN0419-1200x1600.jpg 1200w, http:\/\/www.caracterenaturel.com\/wp-content\/uploads\/2025\/03\/DSCN0419-1980x2640.jpg 1980w, http:\/\/www.caracterenaturel.com\/wp-content\/uploads\/2025\/03\/DSCN0419-scaled.jpg 1920w\" sizes=\"auto, (max-width: 768px) 100vw, 768px\" \/><\/figure>\n\n\n\n<p class=\"has-text-align-center has-large-font-size\">Edition 2025:<\/p>\n\n\n\n<figure class=\"wp-block-image size-large\"><img loading=\"lazy\" decoding=\"async\" width=\"768\" height=\"1024\" src=\"http:\/\/www.caracterenaturel.com\/wp-content\/uploads\/2025\/05\/IMG_E1867-web2060p-768x1024.jpg\" alt=\"Arbre \u00e0 bijoux en bois flott\u00e9\" class=\"wp-image-527\" srcset=\"http:\/\/www.caracterenaturel.com\/wp-content\/uploads\/2025\/05\/IMG_E1867-web2060p-768x1024.jpg 768w, http:\/\/www.caracterenaturel.com\/wp-content\/uploads\/2025\/05\/IMG_E1867-web2060p-225x300.jpg 225w, http:\/\/www.caracterenaturel.com\/wp-content\/uploads\/2025\/05\/IMG_E1867-web2060p-1152x1536.jpg 1152w, http:\/\/www.caracterenaturel.com\/wp-content\/uploads\/2025\/05\/IMG_E1867-web2060p-1536x2048.jpg 1536w, http:\/\/www.caracterenaturel.com\/wp-content\/uploads\/2025\/05\/IMG_E1867-web2060p-1200x1600.jpg 1200w, http:\/\/www.caracterenaturel.com\/wp-content\/uploads\/2025\/05\/IMG_E1867-web2060p.jpg 1545w\" sizes=\"auto, (max-width: 768px) 100vw, 768px\" \/><\/figure>\n\n\n\n<figure class=\"wp-block-image size-large\"><img loading=\"lazy\" decoding=\"async\" width=\"768\" height=\"1024\" src=\"http:\/\/www.caracterenaturel.com\/wp-content\/uploads\/2025\/05\/IMG_E1873-web2060p-768x1024.jpg\" alt=\"Arbre \u00e0 bijoux en bois flott\u00e9\" class=\"wp-image-530\" srcset=\"http:\/\/www.caracterenaturel.com\/wp-content\/uploads\/2025\/05\/IMG_E1873-web2060p-768x1024.jpg 768w, http:\/\/www.caracterenaturel.com\/wp-content\/uploads\/2025\/05\/IMG_E1873-web2060p-225x300.jpg 225w, http:\/\/www.caracterenaturel.com\/wp-content\/uploads\/2025\/05\/IMG_E1873-web2060p-1152x1536.jpg 1152w, http:\/\/www.caracterenaturel.com\/wp-content\/uploads\/2025\/05\/IMG_E1873-web2060p-1536x2048.jpg 1536w, http:\/\/www.caracterenaturel.com\/wp-content\/uploads\/2025\/05\/IMG_E1873-web2060p-1200x1600.jpg 1200w, http:\/\/www.caracterenaturel.com\/wp-content\/uploads\/2025\/05\/IMG_E1873-web2060p.jpg 1545w\" sizes=\"auto, (max-width: 768px) 100vw, 768px\" \/><\/figure>\n","protected":false},"excerpt":{"rendered":"<p>En bois flott\u00e9 et bois de r\u00e9cup\u00e9ration. Commandez le votre Edition 2025:<\/p>\n","protected":false},"author":1,"featured_media":0,"parent":57,"menu_order":0,"comment_status":"closed","ping_status":"closed","template":"","meta":{"footnotes":""},"class_list":["post-135","page","type-page","status-publish","hentry"],"_links":{"self":[{"href":"http:\/\/www.caracterenaturel.com\/index.php\/wp-json\/wp\/v2\/pages\/135","targetHints":{"allow":["GET"]}}],"collection":[{"href":"http:\/\/www.caracterenaturel.com\/index.php\/wp-json\/wp\/v2\/pages"}],"about":[{"href":"http:\/\/www.caracterenaturel.com\/index.php\/wp-json\/wp\/v2\/types\/page"}],"author":[{"embeddable":true,"href":"http:\/\/www.caracterenaturel.com\/index.php\/wp-json\/wp\/v2\/users\/1"}],"replies":[{"embeddable":true,"href":"http:\/\/www.caracterenaturel.com\/index.php\/wp-json\/wp\/v2\/comments?post=135"}],"version-history":[{"count":7,"href":"http:\/\/www.caracterenaturel.com\/index.php\/wp-json\/wp\/v2\/pages\/135\/revisions"}],"predecessor-version":[{"id":531,"href":"http:\/\/www.caracterenaturel.com\/index.php\/wp-json\/wp\/v2\/pages\/135\/revisions\/531"}],"up":[{"embeddable":true,"href":"http:\/\/www.caracterenaturel.com\/index.php\/wp-json\/wp\/v2\/pages\/57"}],"wp:attachment":[{"href":"http:\/\/www.caracterenaturel.com\/index.php\/wp-json\/wp\/v2\/media?parent=135"}],"curies":[{"name":"wp","href":"https:\/\/api.w.org\/{rel}","templated":true}]}}