{"id":126,"date":"2023-11-02T10:45:43","date_gmt":"2023-11-02T09:45:43","guid":{"rendered":"http:\/\/www.caracterenaturel.com\/?page_id=126"},"modified":"2025-03-29T09:44:29","modified_gmt":"2025-03-29T08:44:29","slug":"lampe-racines","status":"publish","type":"page","link":"http:\/\/www.caracterenaturel.com\/index.php\/luminaires\/lampe-racines\/","title":{"rendered":"Lampe racines"},"content":{"rendered":"\n<p class=\"has-text-align-center\">En bois flott\u00e9 et bois de r\u00e9cup\u00e9ration. Vendue sans abat-jour<br><a href=\"http:\/\/www.caracterenaturel.com\/index.php\/contactform7\/\" data-type=\"page\" data-id=\"213\">Commandez la votre \u00e0 vos dimensions<\/a><\/p>\n\n\n\n<figure class=\"wp-block-image size-full\"><img loading=\"lazy\" decoding=\"async\" width=\"800\" height=\"1000\" src=\"http:\/\/www.caracterenaturel.com\/wp-content\/uploads\/2023\/11\/DSCN0711-web.jpg\" alt=\"\" class=\"wp-image-127\" srcset=\"http:\/\/www.caracterenaturel.com\/wp-content\/uploads\/2023\/11\/DSCN0711-web.jpg 800w, http:\/\/www.caracterenaturel.com\/wp-content\/uploads\/2023\/11\/DSCN0711-web-240x300.jpg 240w, http:\/\/www.caracterenaturel.com\/wp-content\/uploads\/2023\/11\/DSCN0711-web-768x960.jpg 768w\" sizes=\"auto, (max-width: 800px) 100vw, 800px\" \/><\/figure>\n\n\n\n<figure class=\"wp-block-image size-large\"><img loading=\"lazy\" decoding=\"async\" width=\"733\" height=\"1024\" src=\"http:\/\/www.caracterenaturel.com\/wp-content\/uploads\/2023\/11\/DSCN4285-web-733x1024.jpg\" alt=\"\" class=\"wp-image-128\" srcset=\"http:\/\/www.caracterenaturel.com\/wp-content\/uploads\/2023\/11\/DSCN4285-web-733x1024.jpg 733w, http:\/\/www.caracterenaturel.com\/wp-content\/uploads\/2023\/11\/DSCN4285-web-215x300.jpg 215w, http:\/\/www.caracterenaturel.com\/wp-content\/uploads\/2023\/11\/DSCN4285-web-768x1073.jpg 768w, http:\/\/www.caracterenaturel.com\/wp-content\/uploads\/2023\/11\/DSCN4285-web.jpg 800w\" sizes=\"auto, (max-width: 733px) 100vw, 733px\" \/><\/figure>\n","protected":false},"excerpt":{"rendered":"<p>En bois flott\u00e9 et bois de r\u00e9cup\u00e9ration. Vendue sans abat-jourCommandez la votre \u00e0 vos dimensions<\/p>\n","protected":false},"author":1,"featured_media":0,"parent":70,"menu_order":0,"comment_status":"closed","ping_status":"closed","template":"","meta":{"footnotes":""},"class_list":["post-126","page","type-page","status-publish","hentry"],"_links":{"self":[{"href":"http:\/\/www.caracterenaturel.com\/index.php\/wp-json\/wp\/v2\/pages\/126","targetHints":{"allow":["GET"]}}],"collection":[{"href":"http:\/\/www.caracterenaturel.com\/index.php\/wp-json\/wp\/v2\/pages"}],"about":[{"href":"http:\/\/www.caracterenaturel.com\/index.php\/wp-json\/wp\/v2\/types\/page"}],"author":[{"embeddable":true,"href":"http:\/\/www.caracterenaturel.com\/index.php\/wp-json\/wp\/v2\/users\/1"}],"replies":[{"embeddable":true,"href":"http:\/\/www.caracterenaturel.com\/index.php\/wp-json\/wp\/v2\/comments?post=126"}],"version-history":[{"count":5,"href":"http:\/\/www.caracterenaturel.com\/index.php\/wp-json\/wp\/v2\/pages\/126\/revisions"}],"predecessor-version":[{"id":426,"href":"http:\/\/www.caracterenaturel.com\/index.php\/wp-json\/wp\/v2\/pages\/126\/revisions\/426"}],"up":[{"embeddable":true,"href":"http:\/\/www.caracterenaturel.com\/index.php\/wp-json\/wp\/v2\/pages\/70"}],"wp:attachment":[{"href":"http:\/\/www.caracterenaturel.com\/index.php\/wp-json\/wp\/v2\/media?parent=126"}],"curies":[{"name":"wp","href":"https:\/\/api.w.org\/{rel}","templated":true}]}}